{"id":173,"date":"2024-03-13T10:08:30","date_gmt":"2024-03-13T10:08:30","guid":{"rendered":"https:\/\/craftcodemaster.com\/?page_id=173"},"modified":"2024-03-15T08:45:27","modified_gmt":"2024-03-15T08:45:27","slug":"refund-policy","status":"publish","type":"page","link":"https:\/\/craftcodemaster.com\/it\/refund-policy\/","title":{"rendered":"Politica di rimborso"},"content":{"rendered":"<p>Grazie per aver scelto Craftcode Master, gestito da Craftcode OU. Ci impegniamo a fornire servizi e prodotti di alta qualit\u00e0 ai nostri clienti. Tuttavia, vi ricordiamo che non offriamo rimborsi per i servizi o i prodotti ordinati sul nostro sito. Tutte le transazioni sono considerate definitive al momento del completamento.<\/p>\n\n\n\n<h2 class=\"wp-block-heading\"><strong>Responsabilit\u00e0 del cliente<\/strong><\/h2>\n\n\n\n<p>I clienti hanno la responsabilit\u00e0 di esaminare tutte le informazioni e le specifiche relative ai servizi o ai prodotti che intendono acquistare prima di effettuare qualsiasi transazione sul nostro sito web. Incoraggiamo i clienti a valutare attentamente le loro esigenze e i loro requisiti per garantire la soddisfazione dei loro acquisti.<\/p>\n\n\n\n<h2 class=\"wp-block-heading\"><strong>Considerazione della richiesta di rimborso<\/strong><\/h2>\n\n\n\n<p>In circostanze eccezionali, possiamo prendere in considerazione richieste di rimborso. Tali circostanze possono includere:<\/p>\n\n\n\n<ul class=\"wp-block-list\">\n<li><strong>Pagamenti errati:<\/strong> Se si effettua per sbaglio un pagamento o si duplica un pagamento.<\/li>\n\n\n\n<li><strong>Importo di pagamento errato:<\/strong> Se vi viene addebitato un importo errato a causa di un errore tecnico o di trascrizione da parte nostra.<\/li>\n\n\n\n<li><strong>Pagamento con i dati sbagliati:<\/strong> Se \u00e8 possibile fornire la prova di un pagamento effettuato con dati di pagamento errati, che ha portato a una transazione non andata a buon fine.<\/li>\n\n\n\n<li><strong>Servizio o Prodotto non consegnato:<\/strong> Se il servizio o il prodotto acquistato non viene consegnato come descritto per motivi che rientrano nel nostro controllo.<\/li>\n<\/ul>\n\n\n\n<h2 class=\"wp-block-heading\"><strong>Invio di una richiesta di rimborso<\/strong><\/h2>\n\n\n\n<p>Se la vostra situazione rientra in una delle circostanze eccezionali sopra menzionate, potete richiedere un rimborso al nostro team di assistenza clienti all'indirizzo info@craftcodemaster.com. La richiesta di rimborso deve contenere le seguenti informazioni:<\/p>\n\n\n\n<ul class=\"wp-block-list\">\n<li>Nome e cognome<\/li>\n\n\n\n<li>Indirizzo e-mail utilizzato per l'acquisto<\/li>\n\n\n\n<li>Data della transazione<\/li>\n\n\n\n<li>ID transazione o ricevuta<\/li>\n\n\n\n<li>Spiegazione dettagliata del problema<\/li>\n<\/ul>\n\n\n\n<h2 class=\"wp-block-heading\"><strong>Revisione e decisione<\/strong><\/h2>\n\n\n\n<p>Una volta ricevuta la richiesta di rimborso, il nostro team esaminer\u00e0 attentamente le informazioni fornite. Il nostro obiettivo \u00e8 quello di rispondere a tutte le richieste di rimborso entro 7 giorni lavorativi. La nostra decisione in merito alla richiesta di rimborso si baser\u00e0 sulla validit\u00e0 delle circostanze presentate e sulle nostre politiche.<\/p>\n\n\n\n<h2 class=\"wp-block-heading\"><strong>Informazioni di contatto<\/strong><\/h2>\n\n\n\n<p>In caso di domande o ulteriori chiarimenti sulla nostra politica di rimborso, si prega di contattare il nostro team di assistenza clienti all'indirizzo:<\/p>\n\n\n\n<ul class=\"wp-block-list\">\n<li>E-mail: <a href=\"mailto:support@craftcodemaster.com\">support@craftcodemaster.com<\/a><\/li>\n\n\n\n<li>Sito web:&nbsp; <a href=\"https:\/\/craftcodemaster.com\/it\/contact-us\/\">https:\/\/craftcodemaster.com\/contact-us\/<\/a><\/li>\n\n\n\n<li>Telefono: +3726991574<\/li>\n<\/ul>\n\n\n\n<p>Si prega di notare che la presente Politica dei rimborsi \u00e8 soggetta a modifiche senza preavviso. \u00c8 responsabilit\u00e0 dell'utente rivedere periodicamente questa politica per eventuali aggiornamenti.<\/p>\n\n\n\n<p>Grazie per aver scelto Craftcode Master!<\/p>","protected":false},"excerpt":{"rendered":"<p>Grazie per aver scelto Craftcode Master, gestito da Craftcode OU. Ci impegniamo a fornire servizi e prodotti di alta qualit\u00e0 ai nostri clienti. Tuttavia, vi ricordiamo che non offriamo rimborsi per i servizi o i prodotti ordinati sul nostro sito. Tutte le transazioni sono considerate definitive al momento del completamento. Responsabilit\u00e0 del cliente I clienti sono responsabili della revisione di tutte le informazioni [...]<\/p>","protected":false},"author":1,"featured_media":0,"parent":0,"menu_order":0,"comment_status":"closed","ping_status":"closed","template":"template-pages\/template-policy.php","meta":{"_acf_changed":false,"inline_featured_image":false,"footnotes":""},"class_list":["post-173","page","type-page","status-publish","hentry"],"acf":[],"yoast_head":"<!-- This site is optimized with the Yoast SEO plugin v22.1 - https:\/\/yoast.com\/wordpress\/plugins\/seo\/ -->\n<title>Refund policy - craftcodemaster.com<\/title>\n<meta name=\"robots\" content=\"index, follow, max-snippet:-1, max-image-preview:large, max-video-preview:-1\" \/>\n<link rel=\"canonical\" href=\"https:\/\/craftcodemaster.com\/it\/refund-policy\/\" \/>\n<meta property=\"og:locale\" content=\"it_IT\" \/>\n<meta property=\"og:type\" content=\"article\" \/>\n<meta property=\"og:title\" content=\"Refund policy - craftcodemaster.com\" \/>\n<meta property=\"og:description\" content=\"Thank you for choosing Craftcode Master, operated by Craftcode OU. We strive to provide high-quality services and products to our customers. However, please note that we do not offer refunds for any services or products ordered on our website. All transactions are considered final upon completion. Customer Responsibility Customers are responsible for reviewing all information [&hellip;]\" \/>\n<meta property=\"og:url\" content=\"https:\/\/craftcodemaster.com\/it\/refund-policy\/\" \/>\n<meta property=\"og:site_name\" content=\"craftcodemaster.com\" \/>\n<meta property=\"article:modified_time\" content=\"2024-03-15T08:45:27+00:00\" \/>\n<meta name=\"twitter:card\" content=\"summary_large_image\" \/>\n<meta name=\"twitter:label1\" content=\"Tempo di lettura stimato\" \/>\n\t<meta name=\"twitter:data1\" content=\"2 minuti\" \/>\n<script type=\"application\/ld+json\" class=\"yoast-schema-graph\">{\"@context\":\"https:\/\/schema.org\",\"@graph\":[{\"@type\":\"WebPage\",\"@id\":\"https:\/\/craftcodemaster.com\/refund-policy\/\",\"url\":\"https:\/\/craftcodemaster.com\/refund-policy\/\",\"name\":\"Refund policy - craftcodemaster.com\",\"isPartOf\":{\"@id\":\"https:\/\/craftcodemaster.com\/#website\"},\"datePublished\":\"2024-03-13T10:08:30+00:00\",\"dateModified\":\"2024-03-15T08:45:27+00:00\",\"breadcrumb\":{\"@id\":\"https:\/\/craftcodemaster.com\/refund-policy\/#breadcrumb\"},\"inLanguage\":\"it-IT\",\"potentialAction\":[{\"@type\":\"ReadAction\",\"target\":[\"https:\/\/craftcodemaster.com\/refund-policy\/\"]}]},{\"@type\":\"BreadcrumbList\",\"@id\":\"https:\/\/craftcodemaster.com\/refund-policy\/#breadcrumb\",\"itemListElement\":[{\"@type\":\"ListItem\",\"position\":1,\"name\":\"Home\",\"item\":\"https:\/\/craftcodemaster.com\/\"},{\"@type\":\"ListItem\",\"position\":2,\"name\":\"Refund policy\"}]},{\"@type\":\"WebSite\",\"@id\":\"https:\/\/craftcodemaster.com\/#website\",\"url\":\"https:\/\/craftcodemaster.com\/\",\"name\":\"craftcodemaster.com\",\"description\":\"\",\"publisher\":{\"@id\":\"https:\/\/craftcodemaster.com\/#organization\"},\"potentialAction\":[{\"@type\":\"SearchAction\",\"target\":{\"@type\":\"EntryPoint\",\"urlTemplate\":\"https:\/\/craftcodemaster.com\/?s={search_term_string}\"},\"query-input\":\"required name=search_term_string\"}],\"inLanguage\":\"it-IT\"},{\"@type\":\"Organization\",\"@id\":\"https:\/\/craftcodemaster.com\/#organization\",\"name\":\"craftcodemaster.com\",\"url\":\"https:\/\/craftcodemaster.com\/\",\"logo\":{\"@type\":\"ImageObject\",\"inLanguage\":\"it-IT\",\"@id\":\"https:\/\/craftcodemaster.com\/#\/schema\/logo\/image\/\",\"url\":\"https:\/\/craftcodemaster.com\/wp-content\/uploads\/2024\/02\/Logo-craftcode-master.svg\",\"contentUrl\":\"https:\/\/craftcodemaster.com\/wp-content\/uploads\/2024\/02\/Logo-craftcode-master.svg\",\"width\":94,\"height\":26,\"caption\":\"craftcodemaster.com\"},\"image\":{\"@id\":\"https:\/\/craftcodemaster.com\/#\/schema\/logo\/image\/\"}}]}<\/script>\n<!-- \/ Yoast SEO plugin. -->","yoast_head_json":{"title":"Refund policy - craftcodemaster.com","robots":{"index":"index","follow":"follow","max-snippet":"max-snippet:-1","max-image-preview":"max-image-preview:large","max-video-preview":"max-video-preview:-1"},"canonical":"https:\/\/craftcodemaster.com\/it\/refund-policy\/","og_locale":"it_IT","og_type":"article","og_title":"Refund policy - craftcodemaster.com","og_description":"Thank you for choosing Craftcode Master, operated by Craftcode OU. We strive to provide high-quality services and products to our customers. However, please note that we do not offer refunds for any services or products ordered on our website. All transactions are considered final upon completion. Customer Responsibility Customers are responsible for reviewing all information [&hellip;]","og_url":"https:\/\/craftcodemaster.com\/it\/refund-policy\/","og_site_name":"craftcodemaster.com","article_modified_time":"2024-03-15T08:45:27+00:00","twitter_card":"summary_large_image","twitter_misc":{"Tempo di lettura stimato":"2 minuti"},"schema":{"@context":"https:\/\/schema.org","@graph":[{"@type":"WebPage","@id":"https:\/\/craftcodemaster.com\/refund-policy\/","url":"https:\/\/craftcodemaster.com\/refund-policy\/","name":"Refund policy - craftcodemaster.com","isPartOf":{"@id":"https:\/\/craftcodemaster.com\/#website"},"datePublished":"2024-03-13T10:08:30+00:00","dateModified":"2024-03-15T08:45:27+00:00","breadcrumb":{"@id":"https:\/\/craftcodemaster.com\/refund-policy\/#breadcrumb"},"inLanguage":"it-IT","potentialAction":[{"@type":"ReadAction","target":["https:\/\/craftcodemaster.com\/refund-policy\/"]}]},{"@type":"BreadcrumbList","@id":"https:\/\/craftcodemaster.com\/refund-policy\/#breadcrumb","itemListElement":[{"@type":"ListItem","position":1,"name":"Home","item":"https:\/\/craftcodemaster.com\/"},{"@type":"ListItem","position":2,"name":"Refund policy"}]},{"@type":"WebSite","@id":"https:\/\/craftcodemaster.com\/#website","url":"https:\/\/craftcodemaster.com\/","name":"craftcodemaster.com","description":"","publisher":{"@id":"https:\/\/craftcodemaster.com\/#organization"},"potentialAction":[{"@type":"SearchAction","target":{"@type":"EntryPoint","urlTemplate":"https:\/\/craftcodemaster.com\/?s={search_term_string}"},"query-input":"required name=search_term_string"}],"inLanguage":"it-IT"},{"@type":"Organization","@id":"https:\/\/craftcodemaster.com\/#organization","name":"craftcodemaster.com","url":"https:\/\/craftcodemaster.com\/","logo":{"@type":"ImageObject","inLanguage":"it-IT","@id":"https:\/\/craftcodemaster.com\/#\/schema\/logo\/image\/","url":"https:\/\/craftcodemaster.com\/wp-content\/uploads\/2024\/02\/Logo-craftcode-master.svg","contentUrl":"https:\/\/craftcodemaster.com\/wp-content\/uploads\/2024\/02\/Logo-craftcode-master.svg","width":94,"height":26,"caption":"craftcodemaster.com"},"image":{"@id":"https:\/\/craftcodemaster.com\/#\/schema\/logo\/image\/"}}]}},"_links":{"self":[{"href":"https:\/\/craftcodemaster.com\/it\/wp-json\/wp\/v2\/pages\/173","targetHints":{"allow":["GET"]}}],"collection":[{"href":"https:\/\/craftcodemaster.com\/it\/wp-json\/wp\/v2\/pages"}],"about":[{"href":"https:\/\/craftcodemaster.com\/it\/wp-json\/wp\/v2\/types\/page"}],"author":[{"embeddable":true,"href":"https:\/\/craftcodemaster.com\/it\/wp-json\/wp\/v2\/users\/1"}],"replies":[{"embeddable":true,"href":"https:\/\/craftcodemaster.com\/it\/wp-json\/wp\/v2\/comments?post=173"}],"version-history":[{"count":3,"href":"https:\/\/craftcodemaster.com\/it\/wp-json\/wp\/v2\/pages\/173\/revisions"}],"predecessor-version":[{"id":255,"href":"https:\/\/craftcodemaster.com\/it\/wp-json\/wp\/v2\/pages\/173\/revisions\/255"}],"wp:attachment":[{"href":"https:\/\/craftcodemaster.com\/it\/wp-json\/wp\/v2\/media?parent=173"}],"curies":[{"name":"wp","href":"https:\/\/api.w.org\/{rel}","templated":true}]}}