{"id":169,"date":"2024-03-13T10:07:26","date_gmt":"2024-03-13T10:07:26","guid":{"rendered":"https:\/\/craftcodemaster.com\/?page_id=169"},"modified":"2024-03-19T14:24:27","modified_gmt":"2024-03-19T14:24:27","slug":"terms-and-conditions","status":"publish","type":"page","link":"https:\/\/craftcodemaster.com\/it\/terms-and-conditions\/","title":{"rendered":"Termini e condizioni"},"content":{"rendered":"<p>Benvenuti su Craftcode Master!<\/p>\n\n\n\n<p>I presenti Termini e condizioni (\"Termini\") regolano l'utilizzo del sito web ospitato all'indirizzo <a href=\"https:\/\/craftcodemaster.com\/it\/\">https:\/\/craftcodemaster.com<\/a> (il \"Sito Web\"), che Craftcode OU fornisce&nbsp;<\/p>\n\n\n\n<p>\u00a0(\"Craftcode Master\", \"noi\", \"ci\" o \"nostro\"), indirizzo registrato: Harju maakond, Tallinn, Kesklinna linnaosa, Narva mnt 5, 10117; numero di registrazione: 16839354. L'utente accetta di rispettare le presenti Condizioni accedendo o utilizzando il Sito web. Se l'utente non \u00e8 d'accordo con le presenti Condizioni, non deve utilizzare il Sito web. Accedendo o utilizzando il Sito, l'utente dichiara e garantisce di aver letto, compreso e accettato di essere vincolato dai presenti Termini e da tutte le leggi e i regolamenti applicabili. Se l'utente non \u00e8 d'accordo con i presenti Termini, non pu\u00f2 accedere o utilizzare il Sito.<\/p>\n\n\n\n<h2 class=\"wp-block-heading\"><strong>Condizioni generali<\/strong><\/h2>\n\n\n\n<p>Accedendo e facendo un ordine con Craftcode Master, si conferma di essere d'accordo con questi Termini e Condizioni. Questi termini si applicano all'intero sito web e a qualsiasi e-mail o altro tipo di comunicazione tra l'utente e Craftcode Master. In nessun caso il team Craftcode Master sar\u00e0 responsabile per danni diretti, indiretti, speciali, incidentali o consequenziali, inclusi, ma non limitati a, perdita di dati o profitti derivanti dall'uso, o dall'impossibilit\u00e0 di usare, i materiali di questo sito, anche se il team Craftcode Master o un rappresentante autorizzato \u00e8 stato avvisato della possibilit\u00e0 di tali danni. Se l'uso dei materiali di questo sito comporta la necessit\u00e0 di manutenzione, riparazione o correzione di apparecchiature o dati, l'utente si assume i relativi costi. Craftcode Master non sar\u00e0 responsabile di alcun risultato derivante dall'utilizzo delle nostre risorse. Ci riserviamo il diritto di cambiare i prezzi e di rivedere la politica di utilizzo delle risorse in qualsiasi momento.<\/p>\n\n\n\n<h2 class=\"wp-block-heading\"><strong>Definizioni<\/strong><\/h2>\n\n\n\n<p>Per questi Termini e Condizioni:<\/p>\n\n\n\n<ul class=\"wp-block-list\">\n<li><strong>Biscotto<\/strong>: piccoli dati generati da un sito web e salvati dal browser. Vengono utilizzati per identificare il browser, fornire analisi e ricordare informazioni sull'utente, come la lingua preferita o le informazioni di accesso.<\/li>\n\n\n\n<li><strong>Azienda<\/strong>: Quando questa politica menziona \"Craftcode Master\", \"noi\", \"ci\" o \"nostro\", si riferisce a Craftcode OU, indirizzo registrato: Harju maakond, Tallinn, Kesklinna linnaosa, Narva mnt 5, 10117, \u00e8 responsabile dei vostri dati ai sensi dei presenti Termini e Condizioni.<\/li>\n\n\n\n<li><strong>Paese<\/strong>: dove Craftcode Master o i proprietari\/fondatori di Craftcode Master hanno sede, in questo caso in Estonia.<\/li>\n\n\n\n<li><strong>Dispositivo<\/strong>: qualsiasi dispositivo connesso a Internet come un telefono, un tablet, un computer o altri dispositivi che possono essere utilizzati per visitare Craftcode Master e utilizzare i servizi.<\/li>\n\n\n\n<li><strong>Servizio<\/strong>: si riferisce al servizio fornito da Craftcode Master come descritto nei relativi termini (se disponibili) e su questa piattaforma.<\/li>\n\n\n\n<li><strong>Servizio di terze parti<\/strong>Si tratta di inserzionisti, sponsor di concorsi, partner promozionali e di marketing e altri soggetti che forniscono i nostri contenuti o i cui prodotti o servizi riteniamo possano interessarvi.<\/li>\n\n\n\n<li><strong>Sito web<\/strong>: <strong>Craftcode OU<\/strong>., accessibile tramite questo URL:<a href=\"https:\/\/host-harbor.io\/\"> <\/a><a href=\"https:\/\/craftcodemaster.com\/it\/\">https:\/\/craftcodemaster.com<\/a>.<\/li>\n\n\n\n<li><strong>Tu<\/strong>: una persona o un'entit\u00e0 registrata presso Craftcode Master per utilizzare i Servizi.<\/li>\n<\/ul>\n\n\n\n<h2 class=\"wp-block-heading\"><strong>Legge applicabile e giurisdizione<\/strong><\/h2>\n\n\n\n<p>Le presenti Condizioni sono disciplinate e interpretate in conformit\u00e0 alle leggi dell'Estonia. Qualsiasi controversia derivante dalle presenti Condizioni sar\u00e0 soggetta alla giurisdizione esclusiva dei tribunali dell'Estonia.<\/p>\n\n\n\n<h2 class=\"wp-block-heading\"><strong>Comportamento dell'utente<\/strong><\/h2>\n\n\n\n<p>L'utente accetta di non utilizzare il sito web per scopi illegali, abusivi o inappropriati. In particolare, l'utente accetta di non:<\/p>\n\n\n\n<ul class=\"wp-block-list\">\n<li>Violare qualsiasi legge o regolamento applicabile;<\/li>\n\n\n\n<li>Interferire o interrompere il funzionamento del Sito Web o dei suoi server;<\/li>\n\n\n\n<li>eludere o tentare di eludere qualsiasi misura di sicurezza;<\/li>\n\n\n\n<li>Raccogliere o memorizzare informazioni personali di altri utenti;<\/li>\n\n\n\n<li>Pubblicare o trasmettere contenuti dannosi, osceni, diffamatori o altrimenti discutibili;<\/li>\n\n\n\n<li>Utilizzare il sito web per scopi commerciali senza previo consenso scritto.<\/li>\n<\/ul>\n\n\n\n<h2 class=\"wp-block-heading\"><strong>Diritti di propriet\u00e0 intellettuale<\/strong><\/h2>\n\n\n\n<p>Il sito web e tutti i suoi contenuti, compresi, ma non solo, testi, grafici, immagini, loghi, icone e software, sono di propriet\u00e0 di Craftcode OU o dei suoi licenziatari e sono protetti dalle leggi sulla propriet\u00e0 intellettuale. All'utente viene concessa una licenza limitata, non esclusiva e non trasferibile per l'accesso e l'utilizzo del sito web esclusivamente per scopi personali e non commerciali. Non \u00e8 consentito riprodurre, modificare, distribuire o creare opere derivate dal sito web senza il previo consenso scritto di Craftcode OU.<\/p>\n\n\n\n<h2 class=\"wp-block-heading\"><strong>Contenuti di terze parti<\/strong><\/h2>\n\n\n\n<p>Il sito web pu\u00f2 contenere link a siti web, servizi o pubblicit\u00e0 di terzi non posseduti o controllati da Craftcode Master. Non approviamo n\u00e9 ci assumiamo alcuna responsabilit\u00e0 per i contenuti di terzi. Le vostre interazioni con siti web o servizi di terzi sono esclusivamente tra voi e la rispettiva terza parte, e lo fate a vostra discrezione e con le conseguenze che possono verificarsi.<\/p>\n\n\n\n<h2 class=\"wp-block-heading\"><strong>Esclusione di garanzia<\/strong><\/h2>\n\n\n\n<p>Il sito web \u00e8 fornito \"cos\u00ec com'\u00e8\" e \"come disponibile\". Craftcode Master non fornisce alcuna garanzia o dichiarazione, espressa o implicita, in merito all'accuratezza, all'affidabilit\u00e0 o all'idoneit\u00e0 del sito web per uno scopo particolare. Non garantiamo la correttezza delle informazioni contenute in questo sito web, n\u00e9 la loro completezza o accuratezza. Inoltre, non promettiamo la disponibilit\u00e0 continua del sito web o che il contenuto sia sempre aggiornato.<\/p>\n\n\n\n<h2 class=\"wp-block-heading\"><strong>Limitazione di responsabilit\u00e0<\/strong><\/h2>\n\n\n\n<p>In nessun caso Craftcode Master, i suoi affiliati, i loro dipendenti o agenti saranno responsabili per danni diretti, indiretti, incidentali, speciali o consequenziali in qualsiasi modo connessi all'uso del sito web o del suo contenuto. Il nostro sito web e il suo utilizzo sono soggetti a determinate limitazioni e condizioni. Le disposizioni in materia di responsabilit\u00e0 delineate in questa sezione e in tutto il presente disclaimer si applicano a tutte le responsabilit\u00e0 derivanti dall'utilizzo del nostro sito web, comprese quelle derivanti da contratto, illecito e violazione di obblighi di legge. Inoltre, pur fornendo il sito web e le relative informazioni e servizi a titolo gratuito, non saremo ritenuti responsabili per eventuali perdite o danni.<\/p>\n\n\n\n<h2 class=\"wp-block-heading\"><strong>Modifiche ai Termini<\/strong><\/h2>\n\n\n\n<p>Craftcode Master si riserva il diritto di aggiornare o modificare i presenti Termini senza preavviso. \u00c8 responsabilit\u00e0 dell'utente rivedere periodicamente i Termini per eventuali modifiche. L'uso continuato del sito web dopo tali modifiche significher\u00e0 l'accettazione dei Termini aggiornati.<\/p>\n\n\n\n<h2 class=\"wp-block-heading\"><strong>Terminazione<\/strong><\/h2>\n\n\n\n<p>Craftcode Master si riserva il diritto, a sua esclusiva discrezione, di sospendere o interrompere l'accesso dell'utente al sito web Craftcode Master senza preavviso e per qualsiasi motivo, compresa, ma non solo, la violazione dei presenti Termini o di qualsiasi legge applicabile.<\/p>\n\n\n\n<h2 class=\"wp-block-heading\"><strong>Biscotti<\/strong><\/h2>\n\n\n\n<p>Il sito web Craftcode Master utilizza i cookie. Al primo accesso al sito craftcodemaster.com, l'utente si trover\u00e0 di fronte a una finestra pop-up di Cookiebot in cui potr\u00e0 specificare in che misura consentire l'utilizzo dei cookie da parte nostra. Per ulteriori informazioni sui cookie e sul tracciamento, consultare l'Informativa sulla privacy di Craftcode Master su craftcodemaster.com.<\/p>\n\n\n\n<h2 class=\"wp-block-heading\"><strong>Collegamento ipertestuale ai nostri contenuti<\/strong><\/h2>\n\n\n\n<p>Alcune organizzazioni, come agenzie governative, motori di ricerca, societ\u00e0 di news\/media e directory online, sono autorizzate a collegarsi al sito web di Craftcode Master senza previa approvazione scritta. Altre aziende possono collegarsi al nostro sito web a condizione che siano rispettate le seguenti condizioni:<\/p>\n\n\n\n<ul class=\"wp-block-list\">\n<li>Il link non \u00e8 in alcun modo ingannevole.<\/li>\n\n\n\n<li>Non implica falsamente la sponsorizzazione, l'avallo o l'approvazione del linkante e dei suoi prodotti e\/o servizi.<\/li>\n\n\n\n<li>Si inserisce nel contesto del sito del linkante.<\/li>\n<\/ul>\n\n\n\n<p>Craftcode Master pu\u00f2 considerare e approvare altre richieste di link da parte di organizzazioni se:<\/p>\n\n\n\n<ul class=\"wp-block-list\">\n<li>Il link non si riflette negativamente su Craftcode Master o sulle sue imprese accreditate.<\/li>\n\n\n\n<li>L'organizzazione non ha alcun record negativo con noi.<\/li>\n\n\n\n<li>Il link \u00e8 nel contesto delle informazioni generali sulle risorse.<\/li>\n<\/ul>\n\n\n\n<p>Per le richieste di collegamento, contattateci direttamente all'indirizzo info@craftcodemaster.com. La richiesta deve includere:<\/p>\n\n\n\n<ul class=\"wp-block-list\">\n<li>Il tuo nome.<\/li>\n\n\n\n<li>Il nome della vostra organizzazione.<\/li>\n\n\n\n<li>Informazioni di contatto e l'URL del vostro sito.<\/li>\n\n\n\n<li>Un elenco di URL da cui intendete collegarvi al nostro sito web.<\/li>\n\n\n\n<li>Un elenco degli URL del nostro sito a cui desiderate collegarvi.<\/li>\n<\/ul>\n\n\n\n<h2 class=\"wp-block-heading\"><strong>Riserva di diritti<\/strong><\/h2>\n\n\n\n<p>Craftcode Master si riserva il diritto di richiedere la rimozione di qualsiasi o di tutti i link al nostro sito web. Al ricevimento di tale richiesta, l'utente \u00e8 tenuto a rimuovere prontamente tutti i link al nostro sito web. Inoltre, ci riserviamo il diritto di modificare questi termini e condizioni e la nostra politica di collegamento in qualsiasi momento. Continuando a collegarsi al nostro sito web, l'utente accetta di essere vincolato e di rispettare i presenti termini e condizioni di collegamento.<\/p>\n\n\n\n<h2 class=\"wp-block-heading\"><strong>Severit\u00e0<\/strong><\/h2>\n\n\n\n<p>Se un tribunale o un'altra autorit\u00e0 competente dichiara non valida una qualsiasi disposizione dei presenti Termini, l'utente riconosce e accetta che il tribunale si impegner\u00e0 a mantenere le intenzioni delle parti espresse in tale disposizione. Tutte le altre disposizioni dei presenti Termini rimarranno pienamente valide ed efficaci.<\/p>\n\n\n\n<h2 class=\"wp-block-heading\"><strong>Rimozione di link dal nostro sito web<\/strong><\/h2>\n\n\n\n<p>Se sul nostro sito web incontrate dei link che ritenete offensivi, vi invitiamo a informarci in qualsiasi momento. Pur prendendo in considerazione le richieste di rimozione dei link, non siamo obbligati a farlo o a fornire una risposta diretta.<\/p>\n\n\n\n<h2 class=\"wp-block-heading\"><strong>Informazioni di contatto<\/strong><\/h2>\n\n\n\n<p>In caso di domande o dubbi sui presenti Termini, o in caso di problemi con il sito web o uno qualsiasi dei suoi componenti, si prega di contattarci all'indirizzo:<\/p>\n\n\n\n<ul class=\"wp-block-list\">\n<li>E-mail: <a href=\"mailto:support@craftcodemaster.com\">support@craftcodemaster.com<\/a><\/li>\n\n\n\n<li>Sito web:&nbsp; <a href=\"https:\/\/craftcodemaster.com\/it\/contact-us\/\">https:\/\/craftcodemaster.com\/contact-us\/<\/a><\/li>\n\n\n\n<li>Telefono: +3726991574<\/li>\n<\/ul>","protected":false},"excerpt":{"rendered":"<p>Benvenuti a Craftcode Master! I presenti Termini e Condizioni (\"Termini\") regolano l'utilizzo del sito web ospitato all'indirizzo https:\/\/craftcodemaster.com (il \"Sito\"), che Craftcode OU fornisce (\"Craftcode Master\", \"noi\", \"ci\" o \"nostro\"), indirizzo registrato: Harju maakond, Tallinn, Kesklinna linnaosa, Narva mnt 5, 10117; numero di registrazione: 16839354. L'utente accetta di rispettare le presenti Condizioni accedendo o utilizzando [...]<\/p>","protected":false},"author":1,"featured_media":0,"parent":0,"menu_order":0,"comment_status":"closed","ping_status":"closed","template":"template-pages\/template-policy.php","meta":{"_acf_changed":false,"inline_featured_image":false,"footnotes":""},"class_list":["post-169","page","type-page","status-publish","hentry"],"acf":[],"yoast_head":"<!-- This site is optimized with the Yoast SEO plugin v22.1 - https:\/\/yoast.com\/wordpress\/plugins\/seo\/ -->\n<title>Terms and conditions - craftcodemaster.com<\/title>\n<meta name=\"robots\" content=\"index, follow, max-snippet:-1, max-image-preview:large, max-video-preview:-1\" \/>\n<link rel=\"canonical\" href=\"https:\/\/craftcodemaster.com\/it\/terms-and-conditions\/\" \/>\n<meta property=\"og:locale\" content=\"it_IT\" \/>\n<meta property=\"og:type\" content=\"article\" \/>\n<meta property=\"og:title\" content=\"Terms and conditions - craftcodemaster.com\" \/>\n<meta property=\"og:description\" content=\"Welcome to Craftcode Master! These Terms and Conditions (\u201cTerms\u201d) govern your use of the website hosted at https:\/\/craftcodemaster.com (the &#8220;Website&#8221;), which Craftcode OU provides&nbsp; \u00a0(&#8220;Craftcode Master,&#8221; &#8220;we,&#8221; &#8220;us,&#8221; or &#8220;our&#8221;), registered address: Harju maakond, Tallinn, Kesklinna linnaosa, Narva mnt 5, 10117; registration number: 16839354. You agree to abide by these Terms by accessing or using [&hellip;]\" \/>\n<meta property=\"og:url\" content=\"https:\/\/craftcodemaster.com\/it\/terms-and-conditions\/\" \/>\n<meta property=\"og:site_name\" content=\"craftcodemaster.com\" \/>\n<meta property=\"article:modified_time\" content=\"2024-03-19T14:24:27+00:00\" \/>\n<meta name=\"twitter:card\" content=\"summary_large_image\" \/>\n<meta name=\"twitter:label1\" content=\"Tempo di lettura stimato\" \/>\n\t<meta name=\"twitter:data1\" content=\"7 minuti\" \/>\n<script type=\"application\/ld+json\" class=\"yoast-schema-graph\">{\"@context\":\"https:\/\/schema.org\",\"@graph\":[{\"@type\":\"WebPage\",\"@id\":\"https:\/\/craftcodemaster.com\/terms-and-conditions\/\",\"url\":\"https:\/\/craftcodemaster.com\/terms-and-conditions\/\",\"name\":\"Terms and conditions - craftcodemaster.com\",\"isPartOf\":{\"@id\":\"https:\/\/craftcodemaster.com\/#website\"},\"datePublished\":\"2024-03-13T10:07:26+00:00\",\"dateModified\":\"2024-03-19T14:24:27+00:00\",\"breadcrumb\":{\"@id\":\"https:\/\/craftcodemaster.com\/terms-and-conditions\/#breadcrumb\"},\"inLanguage\":\"it-IT\",\"potentialAction\":[{\"@type\":\"ReadAction\",\"target\":[\"https:\/\/craftcodemaster.com\/terms-and-conditions\/\"]}]},{\"@type\":\"BreadcrumbList\",\"@id\":\"https:\/\/craftcodemaster.com\/terms-and-conditions\/#breadcrumb\",\"itemListElement\":[{\"@type\":\"ListItem\",\"position\":1,\"name\":\"Home\",\"item\":\"https:\/\/craftcodemaster.com\/\"},{\"@type\":\"ListItem\",\"position\":2,\"name\":\"Terms and conditions\"}]},{\"@type\":\"WebSite\",\"@id\":\"https:\/\/craftcodemaster.com\/#website\",\"url\":\"https:\/\/craftcodemaster.com\/\",\"name\":\"craftcodemaster.com\",\"description\":\"\",\"publisher\":{\"@id\":\"https:\/\/craftcodemaster.com\/#organization\"},\"potentialAction\":[{\"@type\":\"SearchAction\",\"target\":{\"@type\":\"EntryPoint\",\"urlTemplate\":\"https:\/\/craftcodemaster.com\/?s={search_term_string}\"},\"query-input\":\"required name=search_term_string\"}],\"inLanguage\":\"it-IT\"},{\"@type\":\"Organization\",\"@id\":\"https:\/\/craftcodemaster.com\/#organization\",\"name\":\"craftcodemaster.com\",\"url\":\"https:\/\/craftcodemaster.com\/\",\"logo\":{\"@type\":\"ImageObject\",\"inLanguage\":\"it-IT\",\"@id\":\"https:\/\/craftcodemaster.com\/#\/schema\/logo\/image\/\",\"url\":\"https:\/\/craftcodemaster.com\/wp-content\/uploads\/2024\/02\/Logo-craftcode-master.svg\",\"contentUrl\":\"https:\/\/craftcodemaster.com\/wp-content\/uploads\/2024\/02\/Logo-craftcode-master.svg\",\"width\":94,\"height\":26,\"caption\":\"craftcodemaster.com\"},\"image\":{\"@id\":\"https:\/\/craftcodemaster.com\/#\/schema\/logo\/image\/\"}}]}<\/script>\n<!-- \/ Yoast SEO plugin. -->","yoast_head_json":{"title":"Terms and conditions - craftcodemaster.com","robots":{"index":"index","follow":"follow","max-snippet":"max-snippet:-1","max-image-preview":"max-image-preview:large","max-video-preview":"max-video-preview:-1"},"canonical":"https:\/\/craftcodemaster.com\/it\/terms-and-conditions\/","og_locale":"it_IT","og_type":"article","og_title":"Terms and conditions - craftcodemaster.com","og_description":"Welcome to Craftcode Master! These Terms and Conditions (\u201cTerms\u201d) govern your use of the website hosted at https:\/\/craftcodemaster.com (the &#8220;Website&#8221;), which Craftcode OU provides&nbsp; \u00a0(&#8220;Craftcode Master,&#8221; &#8220;we,&#8221; &#8220;us,&#8221; or &#8220;our&#8221;), registered address: Harju maakond, Tallinn, Kesklinna linnaosa, Narva mnt 5, 10117; registration number: 16839354. You agree to abide by these Terms by accessing or using [&hellip;]","og_url":"https:\/\/craftcodemaster.com\/it\/terms-and-conditions\/","og_site_name":"craftcodemaster.com","article_modified_time":"2024-03-19T14:24:27+00:00","twitter_card":"summary_large_image","twitter_misc":{"Tempo di lettura stimato":"7 minuti"},"schema":{"@context":"https:\/\/schema.org","@graph":[{"@type":"WebPage","@id":"https:\/\/craftcodemaster.com\/terms-and-conditions\/","url":"https:\/\/craftcodemaster.com\/terms-and-conditions\/","name":"Terms and conditions - craftcodemaster.com","isPartOf":{"@id":"https:\/\/craftcodemaster.com\/#website"},"datePublished":"2024-03-13T10:07:26+00:00","dateModified":"2024-03-19T14:24:27+00:00","breadcrumb":{"@id":"https:\/\/craftcodemaster.com\/terms-and-conditions\/#breadcrumb"},"inLanguage":"it-IT","potentialAction":[{"@type":"ReadAction","target":["https:\/\/craftcodemaster.com\/terms-and-conditions\/"]}]},{"@type":"BreadcrumbList","@id":"https:\/\/craftcodemaster.com\/terms-and-conditions\/#breadcrumb","itemListElement":[{"@type":"ListItem","position":1,"name":"Home","item":"https:\/\/craftcodemaster.com\/"},{"@type":"ListItem","position":2,"name":"Terms and conditions"}]},{"@type":"WebSite","@id":"https:\/\/craftcodemaster.com\/#website","url":"https:\/\/craftcodemaster.com\/","name":"craftcodemaster.com","description":"","publisher":{"@id":"https:\/\/craftcodemaster.com\/#organization"},"potentialAction":[{"@type":"SearchAction","target":{"@type":"EntryPoint","urlTemplate":"https:\/\/craftcodemaster.com\/?s={search_term_string}"},"query-input":"required name=search_term_string"}],"inLanguage":"it-IT"},{"@type":"Organization","@id":"https:\/\/craftcodemaster.com\/#organization","name":"craftcodemaster.com","url":"https:\/\/craftcodemaster.com\/","logo":{"@type":"ImageObject","inLanguage":"it-IT","@id":"https:\/\/craftcodemaster.com\/#\/schema\/logo\/image\/","url":"https:\/\/craftcodemaster.com\/wp-content\/uploads\/2024\/02\/Logo-craftcode-master.svg","contentUrl":"https:\/\/craftcodemaster.com\/wp-content\/uploads\/2024\/02\/Logo-craftcode-master.svg","width":94,"height":26,"caption":"craftcodemaster.com"},"image":{"@id":"https:\/\/craftcodemaster.com\/#\/schema\/logo\/image\/"}}]}},"_links":{"self":[{"href":"https:\/\/craftcodemaster.com\/it\/wp-json\/wp\/v2\/pages\/169","targetHints":{"allow":["GET"]}}],"collection":[{"href":"https:\/\/craftcodemaster.com\/it\/wp-json\/wp\/v2\/pages"}],"about":[{"href":"https:\/\/craftcodemaster.com\/it\/wp-json\/wp\/v2\/types\/page"}],"author":[{"embeddable":true,"href":"https:\/\/craftcodemaster.com\/it\/wp-json\/wp\/v2\/users\/1"}],"replies":[{"embeddable":true,"href":"https:\/\/craftcodemaster.com\/it\/wp-json\/wp\/v2\/comments?post=169"}],"version-history":[{"count":4,"href":"https:\/\/craftcodemaster.com\/it\/wp-json\/wp\/v2\/pages\/169\/revisions"}],"predecessor-version":[{"id":259,"href":"https:\/\/craftcodemaster.com\/it\/wp-json\/wp\/v2\/pages\/169\/revisions\/259"}],"wp:attachment":[{"href":"https:\/\/craftcodemaster.com\/it\/wp-json\/wp\/v2\/media?parent=169"}],"curies":[{"name":"wp","href":"https:\/\/api.w.org\/{rel}","templated":true}]}}