{"id":175,"date":"2024-03-13T10:09:02","date_gmt":"2024-03-13T10:09:02","guid":{"rendered":"https:\/\/craftcodemaster.com\/?page_id=175"},"modified":"2024-03-13T22:56:39","modified_gmt":"2024-03-13T22:56:39","slug":"cookie-policy","status":"publish","type":"page","link":"https:\/\/craftcodemaster.com\/et\/cookie-policy\/","title":{"rendered":"K\u00fcpsiste poliitika"},"content":{"rendered":"<p>Craftcode Master (edaspidi \"meie\", \"meid\" v\u00f5i \"meie\") haldab veebisaiti craftcodemaster.com (edaspidi \"veebisait\"). K\u00e4esolev k\u00fcpsiste poliitika selgitab, kuidas me kasutame k\u00fcpsiseid ja sarnaseid tehnoloogiaid, et teid meie veebisaidi k\u00fclastamisel \u00e4ra tunda. Selles selgitatakse, millised on need tehnoloogiad, miks me neid kasutame ja teie \u00f5igused kontrollida nende kasutamist.<\/p>\n\n\n\n<h2 class=\"wp-block-heading\"><strong>Mis on k\u00fcpsised?<\/strong><\/h2>\n\n\n\n<p>K\u00fcpsised on v\u00e4ikesed tekstid, mida teie veebilehitseja saadab k\u00fclastataval veebisaidil. K\u00fcpsisefail salvestatakse teie veebibrauserisse, mis v\u00f5imaldab veebisaidil v\u00f5i kolmandal osapoolel teid \u00e4ra tunda ja teie j\u00e4rgmist k\u00fclastust lihtsamaks ja funktsionaalsemaks muuta.<\/p>\n\n\n\n<h2 class=\"wp-block-heading\"><strong>Kuidas me kasutame k\u00fcpsiseid<\/strong><\/h2>\n\n\n\n<p>Kui kasutate meie veebisaiti ja p\u00e4\u00e4sete sellele ligi, v\u00f5ime teie veebilehitsejasse paigutada mitu k\u00fcpsist. Me kasutame k\u00fcpsiseid j\u00e4rgmistel eesm\u00e4rkidel:<\/p>\n\n\n\n<ul class=\"wp-block-list\">\n<li><strong>Olulised k\u00fcpsised:<\/strong> Need k\u00fcpsised on vajalikud selleks, et pakkuda teile meie veebisaidi kaudu k\u00e4ttesaadavaid teenuseid ja v\u00f5imaldada teil kasutada m\u00f5ningaid selle funktsioone. Ilma nende k\u00fcpsisteta ei saa teie poolt soovitud teenuseid pakkuda ja me kasutame neid k\u00fcpsiseid ainult selleks, et teile neid teenuseid pakkuda.<\/li>\n\n\n\n<li><strong>Funktsionaalsus K\u00fcpsised:<\/strong> Need k\u00fcpsised v\u00f5imaldavad meil meeles pidada teie valikuid, kui kasutate meie veebisaiti, n\u00e4iteks teie sisselogimise andmeid v\u00f5i keele-eelistusi. Nende k\u00fcpsiste eesm\u00e4rk on pakkuda teile isikup\u00e4rasemat kasutuskogemust ja v\u00e4ltida seda, et peate iga kord meie veebisaidi k\u00fclastades oma eelistusi uuesti sisestama.<\/li>\n\n\n\n<li><strong>Anal\u00fc\u00fctilised ja tulemuslikkuse k\u00fcpsised:<\/strong> Need k\u00fcpsised koguvad teavet meie veebisaidi k\u00fclastatavuse ja selle kohta, kuidas kasutajad meie veebisaiti kasutavad. Kogutud teave ei tuvasta \u00fchtegi k\u00fclastajat. See h\u00f5lmab meie veebisaidi k\u00fclastajate arvu, veebisaite, mis viitasid neile meie veebisaidile, lehek\u00fclgi, mida nad meie veebisaidil k\u00fclastasid, mis kellaaegadel nad meie veebisaiti k\u00fclastasid, kas nad on meie veebisaiti varem k\u00fclastanud, ja muud sarnast teavet. Me kasutame seda teavet selleks, et aidata meie veebisaiti t\u00f5husamalt kasutada, koguda \u00fcldist demograafilist teavet ja j\u00e4lgida meie veebisaidi aktiivsust.<\/li>\n<\/ul>\n\n\n\n<h2 class=\"wp-block-heading\"><strong>Teie valikud k\u00fcpsiste osas<\/strong><\/h2>\n\n\n\n<p>Saate k\u00fcpsised oma veebilehitseja seadetes sisse v\u00f5i v\u00e4lja l\u00fclitada. Enamik veebibrausereid v\u00f5imaldab enamiku k\u00fcpsiste kontrollimist brauseri seadete kaudu. K\u00fcpsiste kohta lisateavet, sealhulgas selle kohta, kuidas n\u00e4ha, milliseid k\u00fcpsiseid on seatud, leiate veebilehelt <a href=\"http:\/\/www.aboutcookies.org\/\">www.aboutcookies.org<\/a> v\u00f5i <a href=\"http:\/\/www.allaboutcookies.org\/\">www.allaboutcookies.org<\/a>.<\/p>\n\n\n\n<h2 class=\"wp-block-heading\"><strong>V\u00f5tke meiega \u00fchendust<\/strong><\/h2>\n\n\n\n<p>Kui teil on k\u00fcsimusi meie k\u00fcpsiste poliitika kohta, v\u00f5ite meiega \u00fchendust v\u00f5tta:<\/p>\n\n\n\n<ul class=\"wp-block-list\">\n<li>E-post: <a href=\"mailto:support@craftcodemaster.com\">support@craftcodemaster.com<\/a><\/li>\n\n\n\n<li>Veebileht:&nbsp; <a href=\"https:\/\/craftcodemaster.com\/et\/contact-us\/\">https:\/\/craftcodemaster.com\/contact-us\/<\/a><\/li>\n\n\n\n<li>Telefon: +3726991574<\/li>\n<\/ul>\n\n\n\n<h2 class=\"wp-block-heading\"><strong>Selle poliitika uuendused<\/strong><\/h2>\n\n\n\n<p>Me v\u00f5ime aeg-ajalt oma k\u00fcpsiste poliitikat uuendada. Me teavitame teid k\u00f5igist muudatustest, avaldades uue k\u00fcpsiste poliitika sellel lehek\u00fcljel. Soovitame teil regulaarselt vaadata k\u00e4esolevat k\u00fcpsiste poliitikat l\u00e4bi, et teha selles muudatusi. Muudatused selles k\u00fcpsiste poliitikas j\u00f5ustuvad siis, kui need avaldatakse sellel lehek\u00fcljel.<\/p>\n\n\n\n<p>Seda k\u00fcpsiste poliitikat uuendati viimati 13.03.2024.<\/p>","protected":false},"excerpt":{"rendered":"<p>Craftcode Master (edaspidi \"meie\", \"meid\" v\u00f5i \"meie\") haldab veebisaiti craftcodemaster.com (edaspidi \"veebisait\"). K\u00e4esolev k\u00fcpsiste poliitika selgitab, kuidas me kasutame k\u00fcpsiseid ja sarnaseid tehnoloogiaid, et teid meie veebisaidi k\u00fclastamisel \u00e4ra tunda. Selles selgitatakse, millised on need tehnoloogiad, miks me neid kasutame ja millised on teie \u00f5igused kontrollida meie [...]<\/p>","protected":false},"author":1,"featured_media":0,"parent":0,"menu_order":0,"comment_status":"closed","ping_status":"closed","template":"template-pages\/template-policy.php","meta":{"_acf_changed":false,"inline_featured_image":false,"footnotes":""},"class_list":["post-175","page","type-page","status-publish","hentry"],"acf":[],"yoast_head":"<!-- This site is optimized with the Yoast SEO plugin v22.1 - https:\/\/yoast.com\/wordpress\/plugins\/seo\/ -->\n<title>Cookie policy - craftcodemaster.com<\/title>\n<meta name=\"robots\" content=\"index, follow, max-snippet:-1, max-image-preview:large, max-video-preview:-1\" \/>\n<link rel=\"canonical\" href=\"https:\/\/craftcodemaster.com\/et\/cookie-policy\/\" \/>\n<meta property=\"og:locale\" content=\"et_EE\" \/>\n<meta property=\"og:type\" content=\"article\" \/>\n<meta property=\"og:title\" content=\"Cookie policy - craftcodemaster.com\" \/>\n<meta property=\"og:description\" content=\"Craftcode Master (from now on referred to as &#8220;we,&#8221; &#8220;us,&#8221; or &#8220;our&#8221;) operates the website craftcodemaster.com (the &#8220;Website&#8221;). This Cookie Policy explains how we use cookies and similar technologies to recognize you when you visit our Website. It explains what these technologies are, why we use them, and your rights to control our use of [&hellip;]\" \/>\n<meta property=\"og:url\" content=\"https:\/\/craftcodemaster.com\/et\/cookie-policy\/\" \/>\n<meta property=\"og:site_name\" content=\"craftcodemaster.com\" \/>\n<meta property=\"article:modified_time\" content=\"2024-03-13T22:56:39+00:00\" \/>\n<meta name=\"twitter:card\" content=\"summary_large_image\" \/>\n<meta name=\"twitter:label1\" content=\"Est. reading time\" \/>\n\t<meta name=\"twitter:data1\" content=\"3 minutit\" \/>\n<script type=\"application\/ld+json\" class=\"yoast-schema-graph\">{\"@context\":\"https:\/\/schema.org\",\"@graph\":[{\"@type\":\"WebPage\",\"@id\":\"https:\/\/craftcodemaster.com\/cookie-policy\/\",\"url\":\"https:\/\/craftcodemaster.com\/cookie-policy\/\",\"name\":\"Cookie policy - craftcodemaster.com\",\"isPartOf\":{\"@id\":\"https:\/\/craftcodemaster.com\/#website\"},\"datePublished\":\"2024-03-13T10:09:02+00:00\",\"dateModified\":\"2024-03-13T22:56:39+00:00\",\"breadcrumb\":{\"@id\":\"https:\/\/craftcodemaster.com\/cookie-policy\/#breadcrumb\"},\"inLanguage\":\"et\",\"potentialAction\":[{\"@type\":\"ReadAction\",\"target\":[\"https:\/\/craftcodemaster.com\/cookie-policy\/\"]}]},{\"@type\":\"BreadcrumbList\",\"@id\":\"https:\/\/craftcodemaster.com\/cookie-policy\/#breadcrumb\",\"itemListElement\":[{\"@type\":\"ListItem\",\"position\":1,\"name\":\"Home\",\"item\":\"https:\/\/craftcodemaster.com\/\"},{\"@type\":\"ListItem\",\"position\":2,\"name\":\"Cookie policy\"}]},{\"@type\":\"WebSite\",\"@id\":\"https:\/\/craftcodemaster.com\/#website\",\"url\":\"https:\/\/craftcodemaster.com\/\",\"name\":\"craftcodemaster.com\",\"description\":\"\",\"publisher\":{\"@id\":\"https:\/\/craftcodemaster.com\/#organization\"},\"potentialAction\":[{\"@type\":\"SearchAction\",\"target\":{\"@type\":\"EntryPoint\",\"urlTemplate\":\"https:\/\/craftcodemaster.com\/?s={search_term_string}\"},\"query-input\":\"required name=search_term_string\"}],\"inLanguage\":\"et\"},{\"@type\":\"Organization\",\"@id\":\"https:\/\/craftcodemaster.com\/#organization\",\"name\":\"craftcodemaster.com\",\"url\":\"https:\/\/craftcodemaster.com\/\",\"logo\":{\"@type\":\"ImageObject\",\"inLanguage\":\"et\",\"@id\":\"https:\/\/craftcodemaster.com\/#\/schema\/logo\/image\/\",\"url\":\"https:\/\/craftcodemaster.com\/wp-content\/uploads\/2024\/02\/Logo-craftcode-master.svg\",\"contentUrl\":\"https:\/\/craftcodemaster.com\/wp-content\/uploads\/2024\/02\/Logo-craftcode-master.svg\",\"width\":94,\"height\":26,\"caption\":\"craftcodemaster.com\"},\"image\":{\"@id\":\"https:\/\/craftcodemaster.com\/#\/schema\/logo\/image\/\"}}]}<\/script>\n<!-- \/ Yoast SEO plugin. -->","yoast_head_json":{"title":"Cookie policy - craftcodemaster.com","robots":{"index":"index","follow":"follow","max-snippet":"max-snippet:-1","max-image-preview":"max-image-preview:large","max-video-preview":"max-video-preview:-1"},"canonical":"https:\/\/craftcodemaster.com\/et\/cookie-policy\/","og_locale":"et_EE","og_type":"article","og_title":"Cookie policy - craftcodemaster.com","og_description":"Craftcode Master (from now on referred to as &#8220;we,&#8221; &#8220;us,&#8221; or &#8220;our&#8221;) operates the website craftcodemaster.com (the &#8220;Website&#8221;). This Cookie Policy explains how we use cookies and similar technologies to recognize you when you visit our Website. It explains what these technologies are, why we use them, and your rights to control our use of [&hellip;]","og_url":"https:\/\/craftcodemaster.com\/et\/cookie-policy\/","og_site_name":"craftcodemaster.com","article_modified_time":"2024-03-13T22:56:39+00:00","twitter_card":"summary_large_image","twitter_misc":{"Est. reading time":"3 minutit"},"schema":{"@context":"https:\/\/schema.org","@graph":[{"@type":"WebPage","@id":"https:\/\/craftcodemaster.com\/cookie-policy\/","url":"https:\/\/craftcodemaster.com\/cookie-policy\/","name":"Cookie policy - craftcodemaster.com","isPartOf":{"@id":"https:\/\/craftcodemaster.com\/#website"},"datePublished":"2024-03-13T10:09:02+00:00","dateModified":"2024-03-13T22:56:39+00:00","breadcrumb":{"@id":"https:\/\/craftcodemaster.com\/cookie-policy\/#breadcrumb"},"inLanguage":"et","potentialAction":[{"@type":"ReadAction","target":["https:\/\/craftcodemaster.com\/cookie-policy\/"]}]},{"@type":"BreadcrumbList","@id":"https:\/\/craftcodemaster.com\/cookie-policy\/#breadcrumb","itemListElement":[{"@type":"ListItem","position":1,"name":"Home","item":"https:\/\/craftcodemaster.com\/"},{"@type":"ListItem","position":2,"name":"Cookie policy"}]},{"@type":"WebSite","@id":"https:\/\/craftcodemaster.com\/#website","url":"https:\/\/craftcodemaster.com\/","name":"craftcodemaster.com","description":"","publisher":{"@id":"https:\/\/craftcodemaster.com\/#organization"},"potentialAction":[{"@type":"SearchAction","target":{"@type":"EntryPoint","urlTemplate":"https:\/\/craftcodemaster.com\/?s={search_term_string}"},"query-input":"required name=search_term_string"}],"inLanguage":"et"},{"@type":"Organization","@id":"https:\/\/craftcodemaster.com\/#organization","name":"craftcodemaster.com","url":"https:\/\/craftcodemaster.com\/","logo":{"@type":"ImageObject","inLanguage":"et","@id":"https:\/\/craftcodemaster.com\/#\/schema\/logo\/image\/","url":"https:\/\/craftcodemaster.com\/wp-content\/uploads\/2024\/02\/Logo-craftcode-master.svg","contentUrl":"https:\/\/craftcodemaster.com\/wp-content\/uploads\/2024\/02\/Logo-craftcode-master.svg","width":94,"height":26,"caption":"craftcodemaster.com"},"image":{"@id":"https:\/\/craftcodemaster.com\/#\/schema\/logo\/image\/"}}]}},"_links":{"self":[{"href":"https:\/\/craftcodemaster.com\/et\/wp-json\/wp\/v2\/pages\/175","targetHints":{"allow":["GET"]}}],"collection":[{"href":"https:\/\/craftcodemaster.com\/et\/wp-json\/wp\/v2\/pages"}],"about":[{"href":"https:\/\/craftcodemaster.com\/et\/wp-json\/wp\/v2\/types\/page"}],"author":[{"embeddable":true,"href":"https:\/\/craftcodemaster.com\/et\/wp-json\/wp\/v2\/users\/1"}],"replies":[{"embeddable":true,"href":"https:\/\/craftcodemaster.com\/et\/wp-json\/wp\/v2\/comments?post=175"}],"version-history":[{"count":2,"href":"https:\/\/craftcodemaster.com\/et\/wp-json\/wp\/v2\/pages\/175\/revisions"}],"predecessor-version":[{"id":242,"href":"https:\/\/craftcodemaster.com\/et\/wp-json\/wp\/v2\/pages\/175\/revisions\/242"}],"wp:attachment":[{"href":"https:\/\/craftcodemaster.com\/et\/wp-json\/wp\/v2\/media?parent=175"}],"curies":[{"name":"wp","href":"https:\/\/api.w.org\/{rel}","templated":true}]}}