{"id":171,"date":"2024-03-13T10:07:58","date_gmt":"2024-03-13T10:07:58","guid":{"rendered":"https:\/\/craftcodemaster.com\/?page_id=171"},"modified":"2024-03-13T22:55:56","modified_gmt":"2024-03-13T22:55:56","slug":"privacy-policy","status":"publish","type":"page","link":"https:\/\/craftcodemaster.com\/et\/privacy-policy\/","title":{"rendered":"Privaatsuspoliitika"},"content":{"rendered":"<p>Craftcode Master on p\u00fchendunud oma kasutajate privaatsuse kaitsmisele. K\u00e4esolev privaatsuspoliitika kirjeldab, kuidas Craftcode Master kogub, kasutab, s\u00e4ilitab ja avalikustab Craftcode Master'i veebisaidi (\"Sait\") kasutajatelt (edaspidi \"kasutajad\") ning Craftcode Master'i poolt pakutavatelt toodetelt ja teenustelt kogutud teavet.<\/p>\n\n\n\n<h2 class=\"wp-block-heading\"><strong>Isikuandmed<\/strong><\/h2>\n\n\n\n<p>Craftcode Master v\u00f5ib koguda kasutajatelt isikuandmeid erinevatel viisidel, sealhulgas, kuid mitte ainult, kui kasutajad k\u00fclastavad meie veebilehte, tellivad uudiskirja, t\u00e4idavad vormi v\u00f5i osalevad muudes meie veebilehe tegevustes, teenustes, funktsioonides v\u00f5i ressurssides. Kasutajatelt v\u00f5idakse k\u00fcsida nende nime, e-posti aadressi, telefoninumbrit ja muud asjakohast teavet. Me kogume kasutajatelt ainult isikuandmeid, kui nad meile neid vabatahtlikult esitavad. Kasutajad v\u00f5ivad alati keelduda isikuandmete esitamisest, mis v\u00f5ib takistada neid osalemast teatud Saidiga seotud tegevustes.<\/p>\n\n\n\n<h2 class=\"wp-block-heading\"><strong>Isikuandmed ja lisatud materjalid<\/strong><\/h2>\n\n\n\n<p>Kogu teave, mille klient on Craftcode Masterile esitanud, sealhulgas, kuid mitte ainult, tootematerjalid, isikuandmed ja projekti \u00fcksikasjad (\"Klientide materjalid\"), j\u00e4\u00e4b konfidentsiaalseks ja j\u00e4\u00e4b kliendi ainuomandiks. Craftcode Master kohustub kaitsma k\u00f5iki Klientide materjale ja mitte avaldama neid kolmandatele isikutele ilma Kliendi selges\u00f5nalise kirjaliku loata. K\u00e4esoleva konfidentsiaalsuslepingu mis tahes rikkumine toob kaasa asjakohased distsiplinaarmeetmed.<\/p>\n\n\n\n<h2 class=\"wp-block-heading\"><strong>Mitte-isiklik identifitseerimisteave<\/strong><\/h2>\n\n\n\n<p>Craftcode Master v\u00f5ib koguda kasutajate kohta isikustamata identifitseerimisandmeid, kui nad suhtlevad meie veebilehega. See teave v\u00f5ib sisaldada brauseri nime, arvuti t\u00fc\u00fcpi ja tehnilisi andmeid kasutaja sidevahendi kohta meie veebilehega, n\u00e4iteks operatsioonis\u00fcsteemi ja Interneti-teenuse pakkujate kohta.<\/p>\n\n\n\n<h2 class=\"wp-block-heading\"><strong>Veebibrauseri k\u00fcpsised<\/strong><\/h2>\n\n\n\n<p>Craftcode Master v\u00f5ib kasutada k\u00fcpsiseid, et parandada kasutajakogemust. K\u00fcpsis on v\u00e4ike andmekogum, mis saadetakse kasutaja brauserile veebiserverist ja salvestatakse kasutaja k\u00f5vakettale. Kasutajad v\u00f5ivad valida, kas nad soovivad oma veebilehitseja seadistada k\u00fcpsistest keeldumiseks v\u00f5i k\u00fcpsiste saatmisest teavitamiseks. K\u00fcpsiste keelamine v\u00f5ib siiski m\u00f5jutada veebilehe funktsionaalsust.<\/p>\n\n\n\n<h2 class=\"wp-block-heading\"><strong>Google Analytics<\/strong><\/h2>\n\n\n\n<p>Craftcode Master kasutab Google Analytics'i, et koguda teavet veebilehe kasutamise kohta, n\u00e4iteks lehek\u00fclgede k\u00fclastuste ja kasutajate suhtluse kohta. Seda teavet kasutatakse ainult Saidi funktsionaalsuse ja kasutajakogemuse parandamiseks. Kasutajad saavad takistada Google Analyticsi k\u00fclastuste j\u00e4lgimist, l\u00fclitades k\u00fcpsised oma veebibrauseris v\u00e4lja.<\/p>\n\n\n\n<h2 class=\"wp-block-heading\"><strong>Kuidas me kasutame kogutud teavet<\/strong><\/h2>\n\n\n\n<p>Craftcode Master v\u00f5ib koguda ja kasutada kasutajate isikuandmeid erinevatel eesm\u00e4rkidel, sealhulgas, kuid mitte ainult:<\/p>\n\n\n\n<ul class=\"wp-block-list\">\n<li>Kasutajakogemuse parandamine<\/li>\n\n\n\n<li>Saidi funktsionaalsuse parandamine<\/li>\n\n\n\n<li>Klienditoe pakkumine<\/li>\n\n\n\n<li>Asjakohase teabe ja ajakohastuste saatmine<\/li>\n\n\n\n<li>Kampaaniate v\u00f5i k\u00fcsitluste korraldamine<\/li>\n<\/ul>\n\n\n\n<p>Craftcode Master on p\u00fchendunud kasutajate andmete turvalisuse kaitsmisele ja v\u00f5tab asjakohaseid meetmeid, et v\u00e4ltida isikuandmete loata juurdep\u00e4\u00e4su, avalikustamist v\u00f5i muutmist.<\/p>\n\n\n\n<h2 class=\"wp-block-heading\"><strong>Teie isikuandmete jagamine<\/strong><\/h2>\n\n\n\n<p>Craftcode Master ei m\u00fc\u00fc, kauple ega rendi kasutajate isikuandmeid kolmandatele isikutele.<\/p>\n\n\n\n<h2 class=\"wp-block-heading\"><strong>Muudatused selles privaatsuspoliitikas<\/strong><\/h2>\n\n\n\n<p>Craftcode Master j\u00e4tab endale \u00f5iguse k\u00e4esolevat privaatsuspoliitikat igal ajal ajakohastada v\u00f5i muuta. Kasutajatel soovitatakse seda poliitikat perioodiliselt l\u00e4bi vaadata, et teha selles muudatusi. Olulistest muudatustest teavitatakse registreeritud kasutajaid e-posti teel.<\/p>\n\n\n\n<h2 class=\"wp-block-heading\"><strong>Teie n\u00f5usolek<\/strong><\/h2>\n\n\n\n<p>Kasutades Craftcode Master'i veebisaiti, n\u00f5ustute k\u00e4esoleva privaatsuspoliitika tingimustega. Kui te ei n\u00f5ustu selle poliitikaga, siis palun hoiduge meie veebilehe kasutamisest.<\/p>\n\n\n\n<h2 class=\"wp-block-heading\"><strong>Kontaktandmed<\/strong><\/h2>\n\n\n\n<p>Kui teil on k\u00fcsimusi v\u00f5i muresid meie privaatsuspoliitikaga seoses v\u00f5i kui teil tekib probleeme veebisaidi v\u00f5i selle komponentidega, v\u00f5tke meiega \u00fchendust aadressil:<\/p>\n\n\n\n<ul class=\"wp-block-list\">\n<li>E-post: <a href=\"mailto:support@craftcodemaster.com\">support@craftcodemaster.com<\/a><\/li>\n\n\n\n<li>Veebileht:&nbsp; <a href=\"https:\/\/craftcodemaster.com\/et\/contact-us\/\">https:\/\/craftcodemaster.com\/contact-us\/<\/a><\/li>\n\n\n\n<li>Telefon: +3726991574<\/li>\n<\/ul>\n\n\n\n<p>Oleme p\u00fchendunud teie p\u00e4ringute kiirele ja t\u00f5husale k\u00e4sitlemisele.<\/p>","protected":false},"excerpt":{"rendered":"<p>Craftcode Master on p\u00fchendunud oma kasutajate privaatsuse kaitsmisele. K\u00e4esolev privaatsuspoliitika kirjeldab, kuidas Craftcode Master kogub, kasutab, s\u00e4ilitab ja avalikustab Craftcode Master'i veebisaidi (\"Sait\") kasutajatelt (edaspidi \"kasutajad\") ning Craftcode Master'i poolt pakutavatelt toodetelt ja teenustelt kogutud teavet. Isikuandmed Craftcode Master v\u00f5ib koguda isikuandmeid [...]<\/p>","protected":false},"author":1,"featured_media":0,"parent":0,"menu_order":0,"comment_status":"closed","ping_status":"closed","template":"template-pages\/template-policy.php","meta":{"_acf_changed":false,"inline_featured_image":false,"footnotes":""},"class_list":["post-171","page","type-page","status-publish","hentry"],"acf":[],"yoast_head":"<!-- This site is optimized with the Yoast SEO plugin v22.1 - https:\/\/yoast.com\/wordpress\/plugins\/seo\/ -->\n<title>Privacy policy - craftcodemaster.com<\/title>\n<meta name=\"robots\" content=\"index, follow, max-snippet:-1, max-image-preview:large, max-video-preview:-1\" \/>\n<link rel=\"canonical\" href=\"https:\/\/craftcodemaster.com\/et\/privacy-policy\/\" \/>\n<meta property=\"og:locale\" content=\"et_EE\" \/>\n<meta property=\"og:type\" content=\"article\" \/>\n<meta property=\"og:title\" content=\"Privacy policy - craftcodemaster.com\" \/>\n<meta property=\"og:description\" content=\"Craftcode Master is committed to protecting the privacy of its users. This Privacy Policy describes how Craftcode Master collects, uses, maintains, and discloses information collected from users (referred to as &#8220;Users&#8221;) of the Craftcode Master website (&#8220;Site&#8221;) and any products and services offered by Craftcode Master. Personal Identification Information Craftcode Master may collect personal identification [&hellip;]\" \/>\n<meta property=\"og:url\" content=\"https:\/\/craftcodemaster.com\/et\/privacy-policy\/\" \/>\n<meta property=\"og:site_name\" content=\"craftcodemaster.com\" \/>\n<meta property=\"article:modified_time\" content=\"2024-03-13T22:55:56+00:00\" \/>\n<meta name=\"twitter:card\" content=\"summary_large_image\" \/>\n<meta name=\"twitter:label1\" content=\"Est. reading time\" \/>\n\t<meta name=\"twitter:data1\" content=\"3 minutit\" \/>\n<script type=\"application\/ld+json\" class=\"yoast-schema-graph\">{\"@context\":\"https:\/\/schema.org\",\"@graph\":[{\"@type\":\"WebPage\",\"@id\":\"https:\/\/craftcodemaster.com\/privacy-policy\/\",\"url\":\"https:\/\/craftcodemaster.com\/privacy-policy\/\",\"name\":\"Privacy policy - craftcodemaster.com\",\"isPartOf\":{\"@id\":\"https:\/\/craftcodemaster.com\/#website\"},\"datePublished\":\"2024-03-13T10:07:58+00:00\",\"dateModified\":\"2024-03-13T22:55:56+00:00\",\"breadcrumb\":{\"@id\":\"https:\/\/craftcodemaster.com\/privacy-policy\/#breadcrumb\"},\"inLanguage\":\"et\",\"potentialAction\":[{\"@type\":\"ReadAction\",\"target\":[\"https:\/\/craftcodemaster.com\/privacy-policy\/\"]}]},{\"@type\":\"BreadcrumbList\",\"@id\":\"https:\/\/craftcodemaster.com\/privacy-policy\/#breadcrumb\",\"itemListElement\":[{\"@type\":\"ListItem\",\"position\":1,\"name\":\"Home\",\"item\":\"https:\/\/craftcodemaster.com\/\"},{\"@type\":\"ListItem\",\"position\":2,\"name\":\"Privacy policy\"}]},{\"@type\":\"WebSite\",\"@id\":\"https:\/\/craftcodemaster.com\/#website\",\"url\":\"https:\/\/craftcodemaster.com\/\",\"name\":\"craftcodemaster.com\",\"description\":\"\",\"publisher\":{\"@id\":\"https:\/\/craftcodemaster.com\/#organization\"},\"potentialAction\":[{\"@type\":\"SearchAction\",\"target\":{\"@type\":\"EntryPoint\",\"urlTemplate\":\"https:\/\/craftcodemaster.com\/?s={search_term_string}\"},\"query-input\":\"required name=search_term_string\"}],\"inLanguage\":\"et\"},{\"@type\":\"Organization\",\"@id\":\"https:\/\/craftcodemaster.com\/#organization\",\"name\":\"craftcodemaster.com\",\"url\":\"https:\/\/craftcodemaster.com\/\",\"logo\":{\"@type\":\"ImageObject\",\"inLanguage\":\"et\",\"@id\":\"https:\/\/craftcodemaster.com\/#\/schema\/logo\/image\/\",\"url\":\"https:\/\/craftcodemaster.com\/wp-content\/uploads\/2024\/02\/Logo-craftcode-master.svg\",\"contentUrl\":\"https:\/\/craftcodemaster.com\/wp-content\/uploads\/2024\/02\/Logo-craftcode-master.svg\",\"width\":94,\"height\":26,\"caption\":\"craftcodemaster.com\"},\"image\":{\"@id\":\"https:\/\/craftcodemaster.com\/#\/schema\/logo\/image\/\"}}]}<\/script>\n<!-- \/ Yoast SEO plugin. -->","yoast_head_json":{"title":"Privacy policy - craftcodemaster.com","robots":{"index":"index","follow":"follow","max-snippet":"max-snippet:-1","max-image-preview":"max-image-preview:large","max-video-preview":"max-video-preview:-1"},"canonical":"https:\/\/craftcodemaster.com\/et\/privacy-policy\/","og_locale":"et_EE","og_type":"article","og_title":"Privacy policy - craftcodemaster.com","og_description":"Craftcode Master is committed to protecting the privacy of its users. This Privacy Policy describes how Craftcode Master collects, uses, maintains, and discloses information collected from users (referred to as &#8220;Users&#8221;) of the Craftcode Master website (&#8220;Site&#8221;) and any products and services offered by Craftcode Master. Personal Identification Information Craftcode Master may collect personal identification [&hellip;]","og_url":"https:\/\/craftcodemaster.com\/et\/privacy-policy\/","og_site_name":"craftcodemaster.com","article_modified_time":"2024-03-13T22:55:56+00:00","twitter_card":"summary_large_image","twitter_misc":{"Est. reading time":"3 minutit"},"schema":{"@context":"https:\/\/schema.org","@graph":[{"@type":"WebPage","@id":"https:\/\/craftcodemaster.com\/privacy-policy\/","url":"https:\/\/craftcodemaster.com\/privacy-policy\/","name":"Privacy policy - craftcodemaster.com","isPartOf":{"@id":"https:\/\/craftcodemaster.com\/#website"},"datePublished":"2024-03-13T10:07:58+00:00","dateModified":"2024-03-13T22:55:56+00:00","breadcrumb":{"@id":"https:\/\/craftcodemaster.com\/privacy-policy\/#breadcrumb"},"inLanguage":"et","potentialAction":[{"@type":"ReadAction","target":["https:\/\/craftcodemaster.com\/privacy-policy\/"]}]},{"@type":"BreadcrumbList","@id":"https:\/\/craftcodemaster.com\/privacy-policy\/#breadcrumb","itemListElement":[{"@type":"ListItem","position":1,"name":"Home","item":"https:\/\/craftcodemaster.com\/"},{"@type":"ListItem","position":2,"name":"Privacy policy"}]},{"@type":"WebSite","@id":"https:\/\/craftcodemaster.com\/#website","url":"https:\/\/craftcodemaster.com\/","name":"craftcodemaster.com","description":"","publisher":{"@id":"https:\/\/craftcodemaster.com\/#organization"},"potentialAction":[{"@type":"SearchAction","target":{"@type":"EntryPoint","urlTemplate":"https:\/\/craftcodemaster.com\/?s={search_term_string}"},"query-input":"required name=search_term_string"}],"inLanguage":"et"},{"@type":"Organization","@id":"https:\/\/craftcodemaster.com\/#organization","name":"craftcodemaster.com","url":"https:\/\/craftcodemaster.com\/","logo":{"@type":"ImageObject","inLanguage":"et","@id":"https:\/\/craftcodemaster.com\/#\/schema\/logo\/image\/","url":"https:\/\/craftcodemaster.com\/wp-content\/uploads\/2024\/02\/Logo-craftcode-master.svg","contentUrl":"https:\/\/craftcodemaster.com\/wp-content\/uploads\/2024\/02\/Logo-craftcode-master.svg","width":94,"height":26,"caption":"craftcodemaster.com"},"image":{"@id":"https:\/\/craftcodemaster.com\/#\/schema\/logo\/image\/"}}]}},"_links":{"self":[{"href":"https:\/\/craftcodemaster.com\/et\/wp-json\/wp\/v2\/pages\/171","targetHints":{"allow":["GET"]}}],"collection":[{"href":"https:\/\/craftcodemaster.com\/et\/wp-json\/wp\/v2\/pages"}],"about":[{"href":"https:\/\/craftcodemaster.com\/et\/wp-json\/wp\/v2\/types\/page"}],"author":[{"embeddable":true,"href":"https:\/\/craftcodemaster.com\/et\/wp-json\/wp\/v2\/users\/1"}],"replies":[{"embeddable":true,"href":"https:\/\/craftcodemaster.com\/et\/wp-json\/wp\/v2\/comments?post=171"}],"version-history":[{"count":2,"href":"https:\/\/craftcodemaster.com\/et\/wp-json\/wp\/v2\/pages\/171\/revisions"}],"predecessor-version":[{"id":241,"href":"https:\/\/craftcodemaster.com\/et\/wp-json\/wp\/v2\/pages\/171\/revisions\/241"}],"wp:attachment":[{"href":"https:\/\/craftcodemaster.com\/et\/wp-json\/wp\/v2\/media?parent=171"}],"curies":[{"name":"wp","href":"https:\/\/api.w.org\/{rel}","templated":true}]}}