{"id":169,"date":"2024-03-13T10:07:26","date_gmt":"2024-03-13T10:07:26","guid":{"rendered":"https:\/\/craftcodemaster.com\/?page_id=169"},"modified":"2024-03-19T14:24:27","modified_gmt":"2024-03-19T14:24:27","slug":"terms-and-conditions","status":"publish","type":"page","link":"https:\/\/craftcodemaster.com\/et\/terms-and-conditions\/","title":{"rendered":"Tingimused"},"content":{"rendered":"<p>Tere tulemast Craftcode Masterisse!<\/p>\n\n\n\n<p>K\u00e4esolevad tingimused (\"Tingimused\") reguleerivad veebisaidi kasutamist, mida te kasutate aadressil <a href=\"https:\/\/craftcodemaster.com\/et\/\">https:\/\/craftcodemaster.com<\/a> (edaspidi \"veebisait\"), mida Craftcode OU pakub&nbsp;<\/p>\n\n\n\n<p>\u00a0(\"Craftcode Master\", \"me\", \"meid\" v\u00f5i \"meie\"), registreeritud aadress: Harju maakond, Tallinn, Kesklinna linnaosa, Narva mnt 5, 10117; registrikood: 16839354. Veebilehele juurdep\u00e4\u00e4sul v\u00f5i selle kasutamisel n\u00f5ustute k\u00e4esolevate tingimustega. Kui te ei n\u00f5ustu k\u00e4esolevate tingimustega, ei tohi te veebilehte kasutada. Veebisaidile juurdep\u00e4\u00e4suga v\u00f5i selle kasutamisega kinnitate ja garanteerite, et olete lugenud ja m\u00f5istnud neid tingimusi ning n\u00f5ustute nende ning k\u00f5igi kohaldatavate seaduste ja m\u00e4\u00e4ruste j\u00e4rgimisega. Kui te ei n\u00f5ustu k\u00e4esolevate tingimustega, ei saa te veebisaidile juurde p\u00e4\u00e4seda ega seda kasutada.<\/p>\n\n\n\n<h2 class=\"wp-block-heading\"><strong>\u00dcldised tingimused<\/strong><\/h2>\n\n\n\n<p>Craftcode Master'ile juurdep\u00e4\u00e4su ja tellimuse esitamisega kinnitate, et n\u00f5ustute k\u00e4esolevate tingimustega. Need tingimused kehtivad kogu veebilehe ning teie ja Craftcode Master'i vahelise mis tahes e-kirja v\u00f5i muu suhtluse suhtes. Mitte mingil juhul ei vastuta Craftcode Master meeskond mis tahes otseste, kaudsete, eriliste, juhuslike v\u00f5i kaudsete kahjude eest, sealhulgas, kuid mitte ainult, andmete v\u00f5i kasumi kaotuse eest, mis tulenevad selle veebilehe materjalide kasutamisest v\u00f5i v\u00f5imatusest neid kasutada, isegi kui Craftcode Master meeskonda v\u00f5i volitatud esindajat on teavitatud selliste kahjude v\u00f5imalikkusest. Kui selle saidi materjalide kasutamine toob kaasa vajaduse seadmete v\u00f5i andmete hoolduse, parandamise v\u00f5i parandamise j\u00e4rele, v\u00f5tate k\u00f5ik sellega seotud kulud enda kanda. Craftcode Master ei vastuta meie ressursside kasutamisel tekkinud tulemuste eest. Me j\u00e4tame endale \u00f5iguse igal hetkel muuta hindu ja vaadata \u00fcle ressursside kasutamise poliitika.<\/p>\n\n\n\n<h2 class=\"wp-block-heading\"><strong>M\u00e4\u00e4ratlused<\/strong><\/h2>\n\n\n\n<p>K\u00e4esolevate tingimuste puhul:<\/p>\n\n\n\n<ul class=\"wp-block-list\">\n<li><strong>K\u00fcpsis<\/strong>: v\u00e4ikesed andmed, mida veebileht genereerib ja veebilehitseja salvestab. Seda kasutatakse teie brauseri tuvastamiseks, anal\u00fc\u00fctiliste andmete esitamiseks ja teie kohta k\u00e4iva teabe, n\u00e4iteks teie keele-eelistuste v\u00f5i sisselogimise andmete m\u00e4letamiseks.<\/li>\n\n\n\n<li><strong>Ettev\u00f5te<\/strong>: Kui k\u00e4esolevas eeskirjas mainitakse \"Craftcode Master\", \"meie\", \"meid\" v\u00f5i \"meie\", viitab see Craftcode OU-le, registreeritud aadressile: Harju maakond, Tallinn, Kesklinna linnaosa, Narva mnt 5, 10117, vastutab teie andmete eest k\u00e4esolevate tingimuste alusel.<\/li>\n\n\n\n<li><strong>Riik<\/strong>: kus asub Craftcode Master v\u00f5i Craftcode Master'i omanikud\/asutajad, k\u00e4esoleval juhul Eestis.<\/li>\n\n\n\n<li><strong>Seade<\/strong>: mis tahes interneti\u00fchendusega seade, n\u00e4iteks telefon, tahvelarvuti, arvuti v\u00f5i muu seade, mida saab kasutada Craftcode Master'i k\u00fclastamiseks ja teenuste kasutamiseks.<\/li>\n\n\n\n<li><strong>Teenus<\/strong>: viitab Craftcode Master'i poolt pakutavale teenusele, nagu on kirjeldatud suhtelistes tingimustes (kui need on olemas) ja sellel platvormil.<\/li>\n\n\n\n<li><strong>Kolmanda osapoole teenus<\/strong>: viitab reklaamijatele, v\u00f5istluste sponsoritele, reklaami- ja turunduspartneritele ning teistele, kes pakuvad meie sisu v\u00f5i kelle tooteid v\u00f5i teenuseid me arvame, et need v\u00f5ivad teid huvitada.<\/li>\n\n\n\n<li><strong>Veebileht<\/strong>: <strong>Craftcode OU<\/strong>. veebisait, millele p\u00e4\u00e4seb selle URLi kaudu:<a href=\"https:\/\/host-harbor.io\/\"> <\/a><a href=\"https:\/\/craftcodemaster.com\/et\/\">https:\/\/craftcodemaster.com<\/a>.<\/li>\n\n\n\n<li><strong>Sa<\/strong>: Craftcode Masteris registreeritud isik v\u00f5i \u00fcksus, kes kasutab teenuseid.<\/li>\n<\/ul>\n\n\n\n<h2 class=\"wp-block-heading\"><strong>Kohaldatav \u00f5igus ja jurisdiktsioon<\/strong><\/h2>\n\n\n\n<p>K\u00e4esolevate tingimuste suhtes kohaldatakse Eesti seadusi ja neid t\u00f5lgendatakse vastavalt Eesti seadustele. K\u00f5ik k\u00e4esolevatest tingimustest tulenevad vaidlused kuuluvad Eesti kohtute ainup\u00e4devusse.<\/p>\n\n\n\n<h2 class=\"wp-block-heading\"><strong>Kasutaja k\u00e4itumine<\/strong><\/h2>\n\n\n\n<p>Te n\u00f5ustute, et te ei kasuta veebisaiti ebaseaduslikel, kuritahtlikel v\u00f5i ebasobivatel eesm\u00e4rkidel. Selges\u00f5naliselt n\u00f5ustute, et te ei tohi:<\/p>\n\n\n\n<ul class=\"wp-block-list\">\n<li>rikkuda kehtivaid seadusi v\u00f5i m\u00e4\u00e4rusi;<\/li>\n\n\n\n<li>segada v\u00f5i h\u00e4irida veebisaidi v\u00f5i selle serverite t\u00f6\u00f6d;<\/li>\n\n\n\n<li>Turvalisusmeetmetest k\u00f5rvalehoidmine v\u00f5i nendest k\u00f5rvalehoidmise katse;<\/li>\n\n\n\n<li>koguda v\u00f5i salvestada teiste kasutajate isikuandmeid;<\/li>\n\n\n\n<li>postitada v\u00f5i edastada kahjulikku, r\u00f5vedat, laimavat v\u00f5i muul moel taunitavat sisu;<\/li>\n\n\n\n<li>kasutada veebilehte mis tahes \u00e4rilistel eesm\u00e4rkidel ilma eelneva kirjaliku n\u00f5usolekuta.<\/li>\n<\/ul>\n\n\n\n<h2 class=\"wp-block-heading\"><strong>Intellektuaalomandi \u00f5igused<\/strong><\/h2>\n\n\n\n<p>Veebileht ja kogu selle sisu, sealhulgas, kuid mitte ainult, tekst, graafika, pildid, logod, ikoonid ja tarkvara, on Craftcode OU v\u00f5i selle litsentsiandjate omand ja on kaitstud intellektuaalomandi seadustega. Teile antakse piiratud, mitteeksklusiivne ja mitte\u00fclekantav litsents veebisaidile juurdep\u00e4\u00e4suks ja selle kasutamiseks \u00fcksnes isiklikel, mitte\u00e4rilistel eesm\u00e4rkidel. Te ei tohi veebisaiti reprodutseerida, muuta, levitada ega sellest tuletatud teoseid luua ilma Craftcode OU eelneva kirjaliku n\u00f5usolekuta.<\/p>\n\n\n\n<h2 class=\"wp-block-heading\"><strong>Kolmanda osapoole sisu<\/strong><\/h2>\n\n\n\n<p>Veebileht v\u00f5ib sisaldada linke kolmandate osapoolte veebilehtedele, teenustele v\u00f5i reklaamidele, mis ei ole Craftcode Master'i omanduses ega kontrolli all. Me ei toeta ega v\u00f5ta vastutust mis tahes kolmanda osapoole sisu eest. Teie suhtlus kolmandate osapoolte veebisaitide v\u00f5i teenustega on ainult teie ja vastava kolmanda osapoole vaheline ning teete seda omal \u00e4ran\u00e4gemisel ja v\u00f5imalike tagaj\u00e4rgedega.<\/p>\n\n\n\n<h2 class=\"wp-block-heading\"><strong>Garantiist loobumine<\/strong><\/h2>\n\n\n\n<p>Veebileht on esitatud \"nagu on\" ja \"nagu saadaval\". Craftcode Master ei anna mingeid garantiisid ega kinnitusi, ei otseseid ega kaudseid, mis puudutavad veebilehe t\u00e4psust, usaldusv\u00e4\u00e4rsust v\u00f5i sobivust konkreetseks otstarbeks. Me ei garanteeri sellel veebisaidil oleva teabe \u00f5igsust ega selle t\u00e4ielikkust v\u00f5i t\u00e4psust. Lisaks ei luba me veebilehe pidevat k\u00e4ttesaadavust ega seda, et selle sisu on alati ajakohane.<\/p>\n\n\n\n<h2 class=\"wp-block-heading\"><strong>Vastutuse piiramine<\/strong><\/h2>\n\n\n\n<p>Craftcode Master, selle t\u00fctarettev\u00f5tjad, nende t\u00f6\u00f6tajad v\u00f5i esindajad ei vastuta mingil juhul otseste, kaudsete, juhuslike, eriliste v\u00f5i kaudsete kahjude eest, mis on kuidagi seotud veebilehe v\u00f5i selle sisu kasutamisega. Meie veebilehe ja selle kasutamise suhtes kehtivad teatud piirangud ja tingimused. K\u00e4esolevas jaotises ja kogu k\u00e4esoleva vastutuse v\u00e4listamise osas esitatud s\u00e4tteid vastutuse kohta kohaldatakse k\u00f5igi meie veebisaidi kasutamisest tulenevate kohustuste suhtes, sealhulgas lepinguliste, delikti- ja seadusj\u00e4rgsete kohustuste rikkumise korral. Lisaks sellele, kuigi me pakume veebisaiti ning selle teavet ja teenuseid tasuta, ei vastuta me kahjude eest.<\/p>\n\n\n\n<h2 class=\"wp-block-heading\"><strong>Tingimuste muudatused<\/strong><\/h2>\n\n\n\n<p>Craftcode Master j\u00e4tab endale \u00f5iguse neid tingimusi ilma eelneva etteteatamiseta ajakohastada v\u00f5i muuta. Teie kohustus on vaadata Tingimused perioodiliselt \u00fcle, et teha muudatusi. Veebisaidi j\u00e4tkuv kasutamine p\u00e4rast selliseid muudatusi t\u00e4hendab, et te n\u00f5ustute uuendatud tingimustega.<\/p>\n\n\n\n<h2 class=\"wp-block-heading\"><strong>L\u00f5petamine<\/strong><\/h2>\n\n\n\n<p>Craftcode Master j\u00e4tab endale \u00f5iguse oma \u00e4ran\u00e4gemise j\u00e4rgi peatada v\u00f5i l\u00f5petada teie juurdep\u00e4\u00e4s Craftcode Master'i veebisaidile ilma eelneva etteteatamiseta ja mis tahes p\u00f5hjusel, sealhulgas, kuid mitte ainult, k\u00e4esolevate tingimuste v\u00f5i kehtivate seaduste rikkumise korral.<\/p>\n\n\n\n<h2 class=\"wp-block-heading\"><strong>K\u00fcpsised<\/strong><\/h2>\n\n\n\n<p>Kasutame Craftcode Master'i veebisaidil k\u00fcpsiseid. Esmakordsel sisenemisel veebisaidile craftcodemaster.com avaneb Cookieboti h\u00fcpikaken, kus saate m\u00e4\u00e4rata, millises ulatuses lubate k\u00fcpsiste kasutamist. Lisateavet k\u00fcpsiste ja j\u00e4lgimise kohta leiate Craftcode Master'i privaatsuspoliitikast aadressil craftcodemaster.com.<\/p>\n\n\n\n<h2 class=\"wp-block-heading\"><strong>H\u00fcperlinkid meie sisule<\/strong><\/h2>\n\n\n\n<p>Teatud organisatsioonidel, nagu valitsusasutused, otsingumootorid, uudiste\/meediaettev\u00f5tted ja veebikataloogid, on lubatud linkida Craftcode Master'i veebisaidile ilma eelneva kirjaliku n\u00f5usolekuta. Teised ettev\u00f5tted v\u00f5ivad meie veebisaidile linkida, kui on t\u00e4idetud j\u00e4rgmised tingimused:<\/p>\n\n\n\n<ul class=\"wp-block-list\">\n<li>Link ei ole kuidagi petlik.<\/li>\n\n\n\n<li>See ei t\u00e4henda ekslikult linkiva osapoole ja tema toodete ja\/v\u00f5i teenuste sponsorlust, kinnitamist v\u00f5i heakskiitmist.<\/li>\n\n\n\n<li>See sobib linkiva osapoole veebisaidi konteksti.<\/li>\n<\/ul>\n\n\n\n<p>Craftcode Master v\u00f5ib kaaluda ja heaks kiita teiste organisatsioonide lingitaotlusi, kui:<\/p>\n\n\n\n<ul class=\"wp-block-list\">\n<li>Link ei avalda ebasoodsat m\u00f5ju Craftcode Masterile ega tema akrediteeritud ettev\u00f5tetele.<\/li>\n\n\n\n<li>Organisatsioonil ei ole meil negatiivseid andmeid.<\/li>\n\n\n\n<li>Link on \u00fcldise ressursiteabe kontekstis.<\/li>\n<\/ul>\n\n\n\n<p>\u00dchendamise p\u00e4ringute puhul v\u00f5tke meiega otse \u00fchendust aadressil info@craftcodemaster.com. Teie p\u00e4ring peaks sisaldama j\u00e4rgmist:<\/p>\n\n\n\n<ul class=\"wp-block-list\">\n<li>Teie nimi.<\/li>\n\n\n\n<li>Teie organisatsiooni nimi.<\/li>\n\n\n\n<li>Kontaktandmed, samuti teie veebisaidi URL.<\/li>\n\n\n\n<li>Loetelu URL-aadressidest, kust te kavatsete meie veebisaidile linkida.<\/li>\n\n\n\n<li>Loetelu meie saidi URL-idest, millele soovite linkida.<\/li>\n<\/ul>\n\n\n\n<h2 class=\"wp-block-heading\"><strong>\u00d5iguste reserveerimine<\/strong><\/h2>\n\n\n\n<p>Craftcode Master j\u00e4tab endale \u00f5iguse n\u00f5uda mis tahes v\u00f5i k\u00f5igi meie veebisaidile viitavate linkide eemaldamist. Sellise n\u00f5ude saamisel olete kohustatud viivitamatult eemaldama k\u00f5ik lingid meie veebisaidile. Lisaks sellele j\u00e4tame endale \u00f5iguse muuta igal ajal neid tingimusi ja meie lingipoliitikat. J\u00e4tkates linkimist meie veebisaidile, n\u00f5ustute, et need linkimistingimused on teile siduvad ja te j\u00e4rgite neid.<\/p>\n\n\n\n<h2 class=\"wp-block-heading\"><strong>Eraldatavus<\/strong><\/h2>\n\n\n\n<p>Kui kohus v\u00f5i muu p\u00e4dev asutus tunnistab k\u00e4esolevate tingimuste mis tahes s\u00e4tte kehtetuks, tunnistate ja n\u00f5ustute, et kohus p\u00fc\u00fcab s\u00e4ilitada poolte kavatsused, nagu need on selles s\u00e4ttes v\u00e4ljendatud. K\u00f5ik teised k\u00e4esolevate tingimuste s\u00e4tted j\u00e4\u00e4vad t\u00e4ielikult kehtima ja kehtima.<\/p>\n\n\n\n<h2 class=\"wp-block-heading\"><strong>Linkide eemaldamine meie veebisaidilt<\/strong><\/h2>\n\n\n\n<p>Kui meie veebisaidil leidub linke, mida peate solvavaks, julgustame teid meid sellest igal ajal teavitama. Kuigi me kaalume taotlusi linkide eemaldamiseks, ei ole me kohustatud seda tegema ega andma otsest vastust.<\/p>\n\n\n\n<h2 class=\"wp-block-heading\"><strong>Kontaktandmed<\/strong><\/h2>\n\n\n\n<p>Kui teil on k\u00fcsimusi v\u00f5i muresid nende tingimuste kohta v\u00f5i kui teil tekib probleeme veebisaidi v\u00f5i selle mis tahes komponentidega, v\u00f5tke meiega \u00fchendust aadressil:<\/p>\n\n\n\n<ul class=\"wp-block-list\">\n<li>E-post: <a href=\"mailto:support@craftcodemaster.com\">support@craftcodemaster.com<\/a><\/li>\n\n\n\n<li>Veebileht:&nbsp; <a href=\"https:\/\/craftcodemaster.com\/et\/contact-us\/\">https:\/\/craftcodemaster.com\/contact-us\/<\/a><\/li>\n\n\n\n<li>Telefon: +3726991574<\/li>\n<\/ul>","protected":false},"excerpt":{"rendered":"<p>Tere tulemast Craftcode Masterisse! K\u00e4esolevad tingimused (\"Tingimused\") reguleerivad teiepoolset veebilehe kasutamist aadressil https:\/\/craftcodemaster.com (\"Veebileht\"), mida Craftcode OU pakub (\"Craftcode Master\", \"meie\", \"meid\" v\u00f5i \"meie\"), registreeritud aadressil: Harju maakond, Tallinn, Kesklinna linnaosa, Narva mnt 5, 10117; registreerimisnumber: 16839354. Sa n\u00f5ustud j\u00e4rgima neid tingimusi, kui kasutad [...]<\/p>","protected":false},"author":1,"featured_media":0,"parent":0,"menu_order":0,"comment_status":"closed","ping_status":"closed","template":"template-pages\/template-policy.php","meta":{"_acf_changed":false,"inline_featured_image":false,"footnotes":""},"class_list":["post-169","page","type-page","status-publish","hentry"],"acf":[],"yoast_head":"<!-- This site is optimized with the Yoast SEO plugin v22.1 - https:\/\/yoast.com\/wordpress\/plugins\/seo\/ -->\n<title>Terms and conditions - craftcodemaster.com<\/title>\n<meta name=\"robots\" content=\"index, follow, max-snippet:-1, max-image-preview:large, max-video-preview:-1\" \/>\n<link rel=\"canonical\" href=\"https:\/\/craftcodemaster.com\/et\/terms-and-conditions\/\" \/>\n<meta property=\"og:locale\" content=\"et_EE\" \/>\n<meta property=\"og:type\" content=\"article\" \/>\n<meta property=\"og:title\" content=\"Terms and conditions - craftcodemaster.com\" \/>\n<meta property=\"og:description\" content=\"Welcome to Craftcode Master! These Terms and Conditions (\u201cTerms\u201d) govern your use of the website hosted at https:\/\/craftcodemaster.com (the &#8220;Website&#8221;), which Craftcode OU provides&nbsp; \u00a0(&#8220;Craftcode Master,&#8221; &#8220;we,&#8221; &#8220;us,&#8221; or &#8220;our&#8221;), registered address: Harju maakond, Tallinn, Kesklinna linnaosa, Narva mnt 5, 10117; registration number: 16839354. You agree to abide by these Terms by accessing or using [&hellip;]\" \/>\n<meta property=\"og:url\" content=\"https:\/\/craftcodemaster.com\/et\/terms-and-conditions\/\" \/>\n<meta property=\"og:site_name\" content=\"craftcodemaster.com\" \/>\n<meta property=\"article:modified_time\" content=\"2024-03-19T14:24:27+00:00\" \/>\n<meta name=\"twitter:card\" content=\"summary_large_image\" \/>\n<meta name=\"twitter:label1\" content=\"Est. reading time\" \/>\n\t<meta name=\"twitter:data1\" content=\"7 minutit\" \/>\n<script type=\"application\/ld+json\" class=\"yoast-schema-graph\">{\"@context\":\"https:\/\/schema.org\",\"@graph\":[{\"@type\":\"WebPage\",\"@id\":\"https:\/\/craftcodemaster.com\/terms-and-conditions\/\",\"url\":\"https:\/\/craftcodemaster.com\/terms-and-conditions\/\",\"name\":\"Terms and conditions - craftcodemaster.com\",\"isPartOf\":{\"@id\":\"https:\/\/craftcodemaster.com\/#website\"},\"datePublished\":\"2024-03-13T10:07:26+00:00\",\"dateModified\":\"2024-03-19T14:24:27+00:00\",\"breadcrumb\":{\"@id\":\"https:\/\/craftcodemaster.com\/terms-and-conditions\/#breadcrumb\"},\"inLanguage\":\"et\",\"potentialAction\":[{\"@type\":\"ReadAction\",\"target\":[\"https:\/\/craftcodemaster.com\/terms-and-conditions\/\"]}]},{\"@type\":\"BreadcrumbList\",\"@id\":\"https:\/\/craftcodemaster.com\/terms-and-conditions\/#breadcrumb\",\"itemListElement\":[{\"@type\":\"ListItem\",\"position\":1,\"name\":\"Home\",\"item\":\"https:\/\/craftcodemaster.com\/\"},{\"@type\":\"ListItem\",\"position\":2,\"name\":\"Terms and conditions\"}]},{\"@type\":\"WebSite\",\"@id\":\"https:\/\/craftcodemaster.com\/#website\",\"url\":\"https:\/\/craftcodemaster.com\/\",\"name\":\"craftcodemaster.com\",\"description\":\"\",\"publisher\":{\"@id\":\"https:\/\/craftcodemaster.com\/#organization\"},\"potentialAction\":[{\"@type\":\"SearchAction\",\"target\":{\"@type\":\"EntryPoint\",\"urlTemplate\":\"https:\/\/craftcodemaster.com\/?s={search_term_string}\"},\"query-input\":\"required name=search_term_string\"}],\"inLanguage\":\"et\"},{\"@type\":\"Organization\",\"@id\":\"https:\/\/craftcodemaster.com\/#organization\",\"name\":\"craftcodemaster.com\",\"url\":\"https:\/\/craftcodemaster.com\/\",\"logo\":{\"@type\":\"ImageObject\",\"inLanguage\":\"et\",\"@id\":\"https:\/\/craftcodemaster.com\/#\/schema\/logo\/image\/\",\"url\":\"https:\/\/craftcodemaster.com\/wp-content\/uploads\/2024\/02\/Logo-craftcode-master.svg\",\"contentUrl\":\"https:\/\/craftcodemaster.com\/wp-content\/uploads\/2024\/02\/Logo-craftcode-master.svg\",\"width\":94,\"height\":26,\"caption\":\"craftcodemaster.com\"},\"image\":{\"@id\":\"https:\/\/craftcodemaster.com\/#\/schema\/logo\/image\/\"}}]}<\/script>\n<!-- \/ Yoast SEO plugin. -->","yoast_head_json":{"title":"Terms and conditions - craftcodemaster.com","robots":{"index":"index","follow":"follow","max-snippet":"max-snippet:-1","max-image-preview":"max-image-preview:large","max-video-preview":"max-video-preview:-1"},"canonical":"https:\/\/craftcodemaster.com\/et\/terms-and-conditions\/","og_locale":"et_EE","og_type":"article","og_title":"Terms and conditions - craftcodemaster.com","og_description":"Welcome to Craftcode Master! These Terms and Conditions (\u201cTerms\u201d) govern your use of the website hosted at https:\/\/craftcodemaster.com (the &#8220;Website&#8221;), which Craftcode OU provides&nbsp; \u00a0(&#8220;Craftcode Master,&#8221; &#8220;we,&#8221; &#8220;us,&#8221; or &#8220;our&#8221;), registered address: Harju maakond, Tallinn, Kesklinna linnaosa, Narva mnt 5, 10117; registration number: 16839354. You agree to abide by these Terms by accessing or using [&hellip;]","og_url":"https:\/\/craftcodemaster.com\/et\/terms-and-conditions\/","og_site_name":"craftcodemaster.com","article_modified_time":"2024-03-19T14:24:27+00:00","twitter_card":"summary_large_image","twitter_misc":{"Est. reading time":"7 minutit"},"schema":{"@context":"https:\/\/schema.org","@graph":[{"@type":"WebPage","@id":"https:\/\/craftcodemaster.com\/terms-and-conditions\/","url":"https:\/\/craftcodemaster.com\/terms-and-conditions\/","name":"Terms and conditions - craftcodemaster.com","isPartOf":{"@id":"https:\/\/craftcodemaster.com\/#website"},"datePublished":"2024-03-13T10:07:26+00:00","dateModified":"2024-03-19T14:24:27+00:00","breadcrumb":{"@id":"https:\/\/craftcodemaster.com\/terms-and-conditions\/#breadcrumb"},"inLanguage":"et","potentialAction":[{"@type":"ReadAction","target":["https:\/\/craftcodemaster.com\/terms-and-conditions\/"]}]},{"@type":"BreadcrumbList","@id":"https:\/\/craftcodemaster.com\/terms-and-conditions\/#breadcrumb","itemListElement":[{"@type":"ListItem","position":1,"name":"Home","item":"https:\/\/craftcodemaster.com\/"},{"@type":"ListItem","position":2,"name":"Terms and conditions"}]},{"@type":"WebSite","@id":"https:\/\/craftcodemaster.com\/#website","url":"https:\/\/craftcodemaster.com\/","name":"craftcodemaster.com","description":"","publisher":{"@id":"https:\/\/craftcodemaster.com\/#organization"},"potentialAction":[{"@type":"SearchAction","target":{"@type":"EntryPoint","urlTemplate":"https:\/\/craftcodemaster.com\/?s={search_term_string}"},"query-input":"required name=search_term_string"}],"inLanguage":"et"},{"@type":"Organization","@id":"https:\/\/craftcodemaster.com\/#organization","name":"craftcodemaster.com","url":"https:\/\/craftcodemaster.com\/","logo":{"@type":"ImageObject","inLanguage":"et","@id":"https:\/\/craftcodemaster.com\/#\/schema\/logo\/image\/","url":"https:\/\/craftcodemaster.com\/wp-content\/uploads\/2024\/02\/Logo-craftcode-master.svg","contentUrl":"https:\/\/craftcodemaster.com\/wp-content\/uploads\/2024\/02\/Logo-craftcode-master.svg","width":94,"height":26,"caption":"craftcodemaster.com"},"image":{"@id":"https:\/\/craftcodemaster.com\/#\/schema\/logo\/image\/"}}]}},"_links":{"self":[{"href":"https:\/\/craftcodemaster.com\/et\/wp-json\/wp\/v2\/pages\/169","targetHints":{"allow":["GET"]}}],"collection":[{"href":"https:\/\/craftcodemaster.com\/et\/wp-json\/wp\/v2\/pages"}],"about":[{"href":"https:\/\/craftcodemaster.com\/et\/wp-json\/wp\/v2\/types\/page"}],"author":[{"embeddable":true,"href":"https:\/\/craftcodemaster.com\/et\/wp-json\/wp\/v2\/users\/1"}],"replies":[{"embeddable":true,"href":"https:\/\/craftcodemaster.com\/et\/wp-json\/wp\/v2\/comments?post=169"}],"version-history":[{"count":4,"href":"https:\/\/craftcodemaster.com\/et\/wp-json\/wp\/v2\/pages\/169\/revisions"}],"predecessor-version":[{"id":259,"href":"https:\/\/craftcodemaster.com\/et\/wp-json\/wp\/v2\/pages\/169\/revisions\/259"}],"wp:attachment":[{"href":"https:\/\/craftcodemaster.com\/et\/wp-json\/wp\/v2\/media?parent=169"}],"curies":[{"name":"wp","href":"https:\/\/api.w.org\/{rel}","templated":true}]}}