{"id":175,"date":"2024-03-13T10:09:02","date_gmt":"2024-03-13T10:09:02","guid":{"rendered":"https:\/\/craftcodemaster.com\/?page_id=175"},"modified":"2024-03-13T22:56:39","modified_gmt":"2024-03-13T22:56:39","slug":"cookie-policy","status":"publish","type":"page","link":"https:\/\/craftcodemaster.com\/de\/cookie-policy\/","title":{"rendered":"Cookie-Politik"},"content":{"rendered":"<p>Craftcode Master (im Folgenden als \"wir\", \"uns\" oder \"unser\" bezeichnet) betreibt die Website craftcodemaster.com (die \"Website\"). Diese Cookie-Richtlinie erkl\u00e4rt, wie wir Cookies und \u00e4hnliche Technologien verwenden, um Sie zu erkennen, wenn Sie unsere Website besuchen. Sie erkl\u00e4rt, was diese Technologien sind, warum wir sie verwenden und welche Rechte Sie haben, um unsere Verwendung zu kontrollieren.<\/p>\n\n\n\n<h2 class=\"wp-block-heading\"><strong>Was sind Cookies?<\/strong><\/h2>\n\n\n\n<p>Cookies sind kleine Texte, die von Ihrem Webbrowser auf einer von Ihnen besuchten Website gesendet werden. Eine Cookie-Datei wird in Ihrem Webbrowser gespeichert und erm\u00f6glicht es der Website oder einer dritten Partei, Sie zu erkennen und Ihren n\u00e4chsten Besuch einfacher und funktioneller zu gestalten.<\/p>\n\n\n\n<h2 class=\"wp-block-heading\"><strong>Wie wir Cookies verwenden<\/strong><\/h2>\n\n\n\n<p>Wenn Sie unsere Website nutzen und darauf zugreifen, k\u00f6nnen wir mehrere Cookies in Ihrem Webbrowser ablegen. Wir verwenden Cookies f\u00fcr die folgenden Zwecke:<\/p>\n\n\n\n<ul class=\"wp-block-list\">\n<li><strong>Wesentliche Cookies:<\/strong> Diese Cookies sind notwendig, damit wir Ihnen die \u00fcber unsere Website verf\u00fcgbaren Dienste zur Verf\u00fcgung stellen k\u00f6nnen und damit Sie einige ihrer Funktionen nutzen k\u00f6nnen. Ohne diese Cookies k\u00f6nnen die von Ihnen angeforderten Dienste nicht bereitgestellt werden, und wir verwenden diese Cookies nur, um Ihnen diese Dienste bereitzustellen.<\/li>\n\n\n\n<li><strong>Funktionalit\u00e4t Cookies:<\/strong> Diese Cookies erm\u00f6glichen es uns, die von Ihnen bei der Nutzung unserer Website getroffenen Entscheidungen zu speichern, z. B. Ihre Anmeldedaten oder Ihre Sprachpr\u00e4ferenz. Der Zweck dieser Cookies ist es, Ihnen eine pers\u00f6nlichere Erfahrung zu bieten und zu vermeiden, dass Sie Ihre Pr\u00e4ferenzen jedes Mal neu eingeben m\u00fcssen, wenn Sie unsere Website besuchen.<\/li>\n\n\n\n<li><strong>Analyse- und Leistungs-Cookies:<\/strong> Diese Cookies sammeln Informationen \u00fcber den Verkehr auf unserer Website und dar\u00fcber, wie die Benutzer unsere Website nutzen. Die gesammelten Informationen lassen keine R\u00fcckschl\u00fcsse auf einzelne Besucher zu. Sie umfassen die Anzahl der Besucher unserer Website, die Websites, die sie auf unsere Website verwiesen haben, die Seiten, die sie auf unserer Website besucht haben, die Tageszeit, zu der sie unsere Website besucht haben, ob sie unsere Website schon einmal besucht haben, und andere \u00e4hnliche Informationen. Wir verwenden diese Informationen, um unsere Website effizienter zu betreiben, breite demografische Informationen zu sammeln und das Aktivit\u00e4tsniveau auf unserer Website zu \u00fcberwachen.<\/li>\n<\/ul>\n\n\n\n<h2 class=\"wp-block-heading\"><strong>Ihre Wahlm\u00f6glichkeiten in Bezug auf Cookies<\/strong><\/h2>\n\n\n\n<p>Sie k\u00f6nnen Cookies in den Einstellungen Ihres Webbrowsers ein- oder ausschalten. Die meisten Webbrowser erlauben eine gewisse Kontrolle der meisten Cookies \u00fcber die Browsereinstellungen. Um mehr \u00fcber Cookies zu erfahren, einschlie\u00dflich der Frage, wie Sie sehen k\u00f6nnen, welche Cookies gesetzt wurden, besuchen Sie <a href=\"http:\/\/www.aboutcookies.org\/\">www.aboutcookies.org<\/a> oder <a href=\"http:\/\/www.allaboutcookies.org\/\">www.allaboutcookies.org<\/a>.<\/p>\n\n\n\n<h2 class=\"wp-block-heading\"><strong>Kontakt<\/strong><\/h2>\n\n\n\n<p>Wenn Sie Fragen zu unserer Cookie-Richtlinie haben, k\u00f6nnen Sie uns kontaktieren:<\/p>\n\n\n\n<ul class=\"wp-block-list\">\n<li>E-Mail: <a href=\"mailto:support@craftcodemaster.com\">support@craftcodemaster.com<\/a><\/li>\n\n\n\n<li>Website:&nbsp; <a href=\"https:\/\/craftcodemaster.com\/de\/contact-us\/\">https:\/\/craftcodemaster.com\/contact-us\/<\/a><\/li>\n\n\n\n<li>Telefon: +3726991574<\/li>\n<\/ul>\n\n\n\n<h2 class=\"wp-block-heading\"><strong>Aktualisierungen dieser Richtlinie<\/strong><\/h2>\n\n\n\n<p>Wir k\u00f6nnen unsere Cookie-Richtlinie von Zeit zu Zeit aktualisieren. Wir werden Sie \u00fcber alle \u00c4nderungen informieren, indem wir die neue Cookie-Richtlinie auf dieser Seite ver\u00f6ffentlichen. Wir empfehlen Ihnen, diese Cookie-Richtlinie regelm\u00e4\u00dfig auf \u00c4nderungen zu \u00fcberpr\u00fcfen. \u00c4nderungen an dieser Cookie-Richtlinie werden mit ihrer Ver\u00f6ffentlichung auf dieser Seite wirksam.<\/p>\n\n\n\n<p>Diese Cookie-Richtlinie wurde zuletzt am 13.03.2024 aktualisiert.<\/p>","protected":false},"excerpt":{"rendered":"<p>Craftcode Master (im Folgenden als \"wir\", \"uns\" oder \"unser\" bezeichnet) betreibt die Website craftcodemaster.com (die \"Website\"). Diese Cookie-Richtlinie erkl\u00e4rt, wie wir Cookies und \u00e4hnliche Technologien verwenden, um Sie zu erkennen, wenn Sie unsere Website besuchen. Sie erkl\u00e4rt, was diese Technologien sind, warum wir sie verwenden und welche Rechte Sie haben, um unsere Verwendung von [...]<\/p>","protected":false},"author":1,"featured_media":0,"parent":0,"menu_order":0,"comment_status":"closed","ping_status":"closed","template":"template-pages\/template-policy.php","meta":{"_acf_changed":false,"inline_featured_image":false,"footnotes":""},"class_list":["post-175","page","type-page","status-publish","hentry"],"acf":[],"yoast_head":"<!-- This site is optimized with the Yoast SEO plugin v22.1 - https:\/\/yoast.com\/wordpress\/plugins\/seo\/ -->\n<title>Cookie policy - craftcodemaster.com<\/title>\n<meta name=\"robots\" content=\"index, follow, max-snippet:-1, max-image-preview:large, max-video-preview:-1\" \/>\n<link rel=\"canonical\" href=\"https:\/\/craftcodemaster.com\/de\/cookie-policy\/\" \/>\n<meta property=\"og:locale\" content=\"de_DE\" \/>\n<meta property=\"og:type\" content=\"article\" \/>\n<meta property=\"og:title\" content=\"Cookie policy - craftcodemaster.com\" \/>\n<meta property=\"og:description\" content=\"Craftcode Master (from now on referred to as &#8220;we,&#8221; &#8220;us,&#8221; or &#8220;our&#8221;) operates the website craftcodemaster.com (the &#8220;Website&#8221;). This Cookie Policy explains how we use cookies and similar technologies to recognize you when you visit our Website. It explains what these technologies are, why we use them, and your rights to control our use of [&hellip;]\" \/>\n<meta property=\"og:url\" content=\"https:\/\/craftcodemaster.com\/de\/cookie-policy\/\" \/>\n<meta property=\"og:site_name\" content=\"craftcodemaster.com\" \/>\n<meta property=\"article:modified_time\" content=\"2024-03-13T22:56:39+00:00\" \/>\n<meta name=\"twitter:card\" content=\"summary_large_image\" \/>\n<meta name=\"twitter:label1\" content=\"Gesch\u00e4tzte Lesezeit\" \/>\n\t<meta name=\"twitter:data1\" content=\"3\u00a0Minuten\" \/>\n<script type=\"application\/ld+json\" class=\"yoast-schema-graph\">{\"@context\":\"https:\/\/schema.org\",\"@graph\":[{\"@type\":\"WebPage\",\"@id\":\"https:\/\/craftcodemaster.com\/cookie-policy\/\",\"url\":\"https:\/\/craftcodemaster.com\/cookie-policy\/\",\"name\":\"Cookie policy - craftcodemaster.com\",\"isPartOf\":{\"@id\":\"https:\/\/craftcodemaster.com\/#website\"},\"datePublished\":\"2024-03-13T10:09:02+00:00\",\"dateModified\":\"2024-03-13T22:56:39+00:00\",\"breadcrumb\":{\"@id\":\"https:\/\/craftcodemaster.com\/cookie-policy\/#breadcrumb\"},\"inLanguage\":\"de\",\"potentialAction\":[{\"@type\":\"ReadAction\",\"target\":[\"https:\/\/craftcodemaster.com\/cookie-policy\/\"]}]},{\"@type\":\"BreadcrumbList\",\"@id\":\"https:\/\/craftcodemaster.com\/cookie-policy\/#breadcrumb\",\"itemListElement\":[{\"@type\":\"ListItem\",\"position\":1,\"name\":\"Home\",\"item\":\"https:\/\/craftcodemaster.com\/\"},{\"@type\":\"ListItem\",\"position\":2,\"name\":\"Cookie policy\"}]},{\"@type\":\"WebSite\",\"@id\":\"https:\/\/craftcodemaster.com\/#website\",\"url\":\"https:\/\/craftcodemaster.com\/\",\"name\":\"craftcodemaster.com\",\"description\":\"\",\"publisher\":{\"@id\":\"https:\/\/craftcodemaster.com\/#organization\"},\"potentialAction\":[{\"@type\":\"SearchAction\",\"target\":{\"@type\":\"EntryPoint\",\"urlTemplate\":\"https:\/\/craftcodemaster.com\/?s={search_term_string}\"},\"query-input\":\"required name=search_term_string\"}],\"inLanguage\":\"de\"},{\"@type\":\"Organization\",\"@id\":\"https:\/\/craftcodemaster.com\/#organization\",\"name\":\"craftcodemaster.com\",\"url\":\"https:\/\/craftcodemaster.com\/\",\"logo\":{\"@type\":\"ImageObject\",\"inLanguage\":\"de\",\"@id\":\"https:\/\/craftcodemaster.com\/#\/schema\/logo\/image\/\",\"url\":\"https:\/\/craftcodemaster.com\/wp-content\/uploads\/2024\/02\/Logo-craftcode-master.svg\",\"contentUrl\":\"https:\/\/craftcodemaster.com\/wp-content\/uploads\/2024\/02\/Logo-craftcode-master.svg\",\"width\":94,\"height\":26,\"caption\":\"craftcodemaster.com\"},\"image\":{\"@id\":\"https:\/\/craftcodemaster.com\/#\/schema\/logo\/image\/\"}}]}<\/script>\n<!-- \/ Yoast SEO plugin. -->","yoast_head_json":{"title":"Cookie policy - craftcodemaster.com","robots":{"index":"index","follow":"follow","max-snippet":"max-snippet:-1","max-image-preview":"max-image-preview:large","max-video-preview":"max-video-preview:-1"},"canonical":"https:\/\/craftcodemaster.com\/de\/cookie-policy\/","og_locale":"de_DE","og_type":"article","og_title":"Cookie policy - craftcodemaster.com","og_description":"Craftcode Master (from now on referred to as &#8220;we,&#8221; &#8220;us,&#8221; or &#8220;our&#8221;) operates the website craftcodemaster.com (the &#8220;Website&#8221;). This Cookie Policy explains how we use cookies and similar technologies to recognize you when you visit our Website. It explains what these technologies are, why we use them, and your rights to control our use of [&hellip;]","og_url":"https:\/\/craftcodemaster.com\/de\/cookie-policy\/","og_site_name":"craftcodemaster.com","article_modified_time":"2024-03-13T22:56:39+00:00","twitter_card":"summary_large_image","twitter_misc":{"Gesch\u00e4tzte Lesezeit":"3\u00a0Minuten"},"schema":{"@context":"https:\/\/schema.org","@graph":[{"@type":"WebPage","@id":"https:\/\/craftcodemaster.com\/cookie-policy\/","url":"https:\/\/craftcodemaster.com\/cookie-policy\/","name":"Cookie policy - craftcodemaster.com","isPartOf":{"@id":"https:\/\/craftcodemaster.com\/#website"},"datePublished":"2024-03-13T10:09:02+00:00","dateModified":"2024-03-13T22:56:39+00:00","breadcrumb":{"@id":"https:\/\/craftcodemaster.com\/cookie-policy\/#breadcrumb"},"inLanguage":"de","potentialAction":[{"@type":"ReadAction","target":["https:\/\/craftcodemaster.com\/cookie-policy\/"]}]},{"@type":"BreadcrumbList","@id":"https:\/\/craftcodemaster.com\/cookie-policy\/#breadcrumb","itemListElement":[{"@type":"ListItem","position":1,"name":"Home","item":"https:\/\/craftcodemaster.com\/"},{"@type":"ListItem","position":2,"name":"Cookie policy"}]},{"@type":"WebSite","@id":"https:\/\/craftcodemaster.com\/#website","url":"https:\/\/craftcodemaster.com\/","name":"craftcodemaster.com","description":"","publisher":{"@id":"https:\/\/craftcodemaster.com\/#organization"},"potentialAction":[{"@type":"SearchAction","target":{"@type":"EntryPoint","urlTemplate":"https:\/\/craftcodemaster.com\/?s={search_term_string}"},"query-input":"required name=search_term_string"}],"inLanguage":"de"},{"@type":"Organization","@id":"https:\/\/craftcodemaster.com\/#organization","name":"craftcodemaster.com","url":"https:\/\/craftcodemaster.com\/","logo":{"@type":"ImageObject","inLanguage":"de","@id":"https:\/\/craftcodemaster.com\/#\/schema\/logo\/image\/","url":"https:\/\/craftcodemaster.com\/wp-content\/uploads\/2024\/02\/Logo-craftcode-master.svg","contentUrl":"https:\/\/craftcodemaster.com\/wp-content\/uploads\/2024\/02\/Logo-craftcode-master.svg","width":94,"height":26,"caption":"craftcodemaster.com"},"image":{"@id":"https:\/\/craftcodemaster.com\/#\/schema\/logo\/image\/"}}]}},"_links":{"self":[{"href":"https:\/\/craftcodemaster.com\/de\/wp-json\/wp\/v2\/pages\/175","targetHints":{"allow":["GET"]}}],"collection":[{"href":"https:\/\/craftcodemaster.com\/de\/wp-json\/wp\/v2\/pages"}],"about":[{"href":"https:\/\/craftcodemaster.com\/de\/wp-json\/wp\/v2\/types\/page"}],"author":[{"embeddable":true,"href":"https:\/\/craftcodemaster.com\/de\/wp-json\/wp\/v2\/users\/1"}],"replies":[{"embeddable":true,"href":"https:\/\/craftcodemaster.com\/de\/wp-json\/wp\/v2\/comments?post=175"}],"version-history":[{"count":2,"href":"https:\/\/craftcodemaster.com\/de\/wp-json\/wp\/v2\/pages\/175\/revisions"}],"predecessor-version":[{"id":242,"href":"https:\/\/craftcodemaster.com\/de\/wp-json\/wp\/v2\/pages\/175\/revisions\/242"}],"wp:attachment":[{"href":"https:\/\/craftcodemaster.com\/de\/wp-json\/wp\/v2\/media?parent=175"}],"curies":[{"name":"wp","href":"https:\/\/api.w.org\/{rel}","templated":true}]}}