{"id":171,"date":"2024-03-13T10:07:58","date_gmt":"2024-03-13T10:07:58","guid":{"rendered":"https:\/\/craftcodemaster.com\/?page_id=171"},"modified":"2024-03-13T22:55:56","modified_gmt":"2024-03-13T22:55:56","slug":"privacy-policy","status":"publish","type":"page","link":"https:\/\/craftcodemaster.com\/de\/privacy-policy\/","title":{"rendered":"Datenschutzbestimmungen"},"content":{"rendered":"<p>Craftcode Master verpflichtet sich, die Privatsph\u00e4re seiner Nutzer zu sch\u00fctzen. Diese Datenschutzrichtlinie beschreibt, wie Craftcode Master Informationen von Nutzern (im Folgenden \"Nutzer\" genannt) der Craftcode Master Webseite (\"Seite\") und jeglicher Produkte und Dienstleistungen, die von Craftcode Master angeboten werden, sammelt, verwendet, pflegt und offenlegt.<\/p>\n\n\n\n<h2 class=\"wp-block-heading\"><strong>Informationen zur pers\u00f6nlichen Identifizierung<\/strong><\/h2>\n\n\n\n<p>Craftcode Master kann personenbezogene Daten von Nutzern auf verschiedene Weise erheben, unter anderem, wenn Nutzer unsere Website besuchen, den Newsletter abonnieren, ein Formular ausf\u00fcllen oder sich an anderen Aktivit\u00e4ten, Dienstleistungen, Funktionen oder Ressourcen auf unserer Website beteiligen. Die Benutzer k\u00f6nnen nach ihrem Namen, ihrer E-Mail-Adresse, ihrer Telefonnummer und anderen relevanten Informationen gefragt werden. Wir sammeln nur pers\u00f6nliche Identifikationsdaten von Nutzern, wenn sie uns diese freiwillig zur Verf\u00fcgung stellen. Die Benutzer k\u00f6nnen sich jederzeit weigern, pers\u00f6nliche Identifikationsdaten anzugeben, was sie daran hindern kann, an bestimmten mit der Website verbundenen Aktivit\u00e4ten teilzunehmen.<\/p>\n\n\n\n<h2 class=\"wp-block-heading\"><strong>Pers\u00f6nliche Informationen und beigef\u00fcgte Materialien<\/strong><\/h2>\n\n\n\n<p>Alle Informationen, die der Kunde Craftcode Master zur Verf\u00fcgung stellt, einschlie\u00dflich, aber nicht beschr\u00e4nkt auf Produktmaterialien, pers\u00f6nliche Informationen und Projektdetails (\"Kundenmaterialien\"), bleiben vertraulich und sind das alleinige Eigentum des Kunden. Craftcode Master verpflichtet sich, alle Kundenmaterialien zu sch\u00fctzen und sie ohne ausdr\u00fcckliche schriftliche Genehmigung des Kunden nicht an Dritte weiterzugeben. Jeder Versto\u00df gegen diese Vertraulichkeitsvereinbarung f\u00fchrt zu entsprechenden disziplinarischen Ma\u00dfnahmen.<\/p>\n\n\n\n<h2 class=\"wp-block-heading\"><strong>Nicht-personenbezogene Identifizierungsinformationen<\/strong><\/h2>\n\n\n\n<p>Craftcode Master kann nicht-pers\u00f6nliche Identifikationsdaten \u00fcber den Benutzer sammeln, wenn dieser mit unserer Website interagiert. Diese Informationen k\u00f6nnen den Namen des Browsers, den Computertyp und technische Informationen \u00fcber die Art der Verbindung des Benutzers zu unserer Website, wie das Betriebssystem und den Internetdienstanbieter, beinhalten.<\/p>\n\n\n\n<h2 class=\"wp-block-heading\"><strong>Webbrowser-Cookies<\/strong><\/h2>\n\n\n\n<p>Craftcode Master kann Cookies verwenden, um die Benutzerfreundlichkeit zu erh\u00f6hen. Ein Cookie ist ein kleines Datenpaket, das von einem Webserver an den Browser des Nutzers gesendet und auf der Festplatte des Nutzers gespeichert wird. Der Benutzer kann seinen Webbrowser so einstellen, dass er Cookies ablehnt oder ihn warnt, wenn Cookies gesendet werden. Die Deaktivierung von Cookies kann jedoch die Funktionalit\u00e4t der Website beeintr\u00e4chtigen.<\/p>\n\n\n\n<h2 class=\"wp-block-heading\"><strong>Google Analytics<\/strong><\/h2>\n\n\n\n<p>Craftcode Master verwendet Google Analytics, um Informationen \u00fcber die Nutzung der Website zu sammeln, wie z.B. Seitenbesuche und Benutzerinteraktionen. Diese Informationen werden ausschlie\u00dflich dazu verwendet, die Funktionalit\u00e4t der Website und die Benutzerfreundlichkeit zu verbessern. Die Nutzer k\u00f6nnen die Nachverfolgung ihrer Besuche durch Google Analytics verhindern, indem sie Cookies in ihrem Webbrowser deaktivieren.<\/p>\n\n\n\n<h2 class=\"wp-block-heading\"><strong>Wie wir gesammelte Informationen verwenden<\/strong><\/h2>\n\n\n\n<p>Craftcode Master kann die pers\u00f6nlichen Daten der Benutzer f\u00fcr verschiedene Zwecke sammeln und verwenden, einschlie\u00dflich, aber nicht beschr\u00e4nkt auf:<\/p>\n\n\n\n<ul class=\"wp-block-list\">\n<li>Verbesserung der Nutzererfahrung<\/li>\n\n\n\n<li>Verbesserung der Funktionalit\u00e4t der Website<\/li>\n\n\n\n<li>Unterst\u00fctzung der Kunden<\/li>\n\n\n\n<li>\u00dcbermittlung relevanter Informationen und Aktualisierungen<\/li>\n\n\n\n<li>Durchf\u00fchrung von Werbeaktionen oder Umfragen<\/li>\n<\/ul>\n\n\n\n<p>Craftcode Master verpflichtet sich, die Sicherheit der Benutzerdaten zu sch\u00fctzen und ergreift geeignete Ma\u00dfnahmen, um den unbefugten Zugriff, die Offenlegung oder die \u00c4nderung von pers\u00f6nlichen Daten zu verhindern.<\/p>\n\n\n\n<h2 class=\"wp-block-heading\"><strong>Weitergabe Ihrer pers\u00f6nlichen Informationen<\/strong><\/h2>\n\n\n\n<p>Craftcode Master verkauft, handelt oder vermietet die pers\u00f6nlichen Daten der Nutzer nicht an Dritte.<\/p>\n\n\n\n<h2 class=\"wp-block-heading\"><strong>\u00c4nderungen an dieser Datenschutzrichtlinie<\/strong><\/h2>\n\n\n\n<p>Craftcode Master beh\u00e4lt sich das Recht vor, diese Datenschutzrichtlinie jederzeit zu aktualisieren oder zu \u00e4ndern. Die Benutzer werden aufgefordert, diese Richtlinie regelm\u00e4\u00dfig auf \u00c4nderungen zu \u00fcberpr\u00fcfen. Wesentliche \u00c4nderungen werden registrierten Nutzern per E-Mail mitgeteilt.<\/p>\n\n\n\n<h2 class=\"wp-block-heading\"><strong>Ihr Einverst\u00e4ndnis<\/strong><\/h2>\n\n\n\n<p>Durch die Nutzung der Craftcode Master Website erkl\u00e4ren Sie sich mit den Bedingungen dieser Datenschutzrichtlinie einverstanden. Wenn Sie mit dieser Richtlinie nicht einverstanden sind, sehen Sie bitte von der Nutzung unserer Website ab.<\/p>\n\n\n\n<h2 class=\"wp-block-heading\"><strong>Kontaktinformationen<\/strong><\/h2>\n\n\n\n<p>Wenn Sie Fragen oder Bedenken zu unserer Datenschutzrichtlinie haben oder wenn Sie Probleme mit der Website oder ihren Komponenten haben, wenden Sie sich bitte an uns:<\/p>\n\n\n\n<ul class=\"wp-block-list\">\n<li>E-Mail: <a href=\"mailto:support@craftcodemaster.com\">support@craftcodemaster.com<\/a><\/li>\n\n\n\n<li>Website:&nbsp; <a href=\"https:\/\/craftcodemaster.com\/de\/contact-us\/\">https:\/\/craftcodemaster.com\/contact-us\/<\/a><\/li>\n\n\n\n<li>Telefon: +3726991574<\/li>\n<\/ul>\n\n\n\n<p>Wir bem\u00fchen uns, Ihre Anfragen schnell und effektiv zu beantworten.<\/p>","protected":false},"excerpt":{"rendered":"<p>Craftcode Master verpflichtet sich, die Privatsph\u00e4re seiner Nutzer zu sch\u00fctzen. Diese Datenschutzrichtlinie beschreibt, wie Craftcode Master Informationen von Nutzern der Craftcode Master Webseite (\"Seite\") und von Produkten und Dienstleistungen, die von Craftcode Master angeboten werden, sammelt, verwendet, pflegt und weitergibt. Pers\u00f6nliche Identifikationsdaten Craftcode Master kann pers\u00f6nliche Identifikationsdaten sammeln [...]<\/p>","protected":false},"author":1,"featured_media":0,"parent":0,"menu_order":0,"comment_status":"closed","ping_status":"closed","template":"template-pages\/template-policy.php","meta":{"_acf_changed":false,"inline_featured_image":false,"footnotes":""},"class_list":["post-171","page","type-page","status-publish","hentry"],"acf":[],"yoast_head":"<!-- This site is optimized with the Yoast SEO plugin v22.1 - https:\/\/yoast.com\/wordpress\/plugins\/seo\/ -->\n<title>Privacy policy - craftcodemaster.com<\/title>\n<meta name=\"robots\" content=\"index, follow, max-snippet:-1, max-image-preview:large, max-video-preview:-1\" \/>\n<link rel=\"canonical\" href=\"https:\/\/craftcodemaster.com\/de\/privacy-policy\/\" \/>\n<meta property=\"og:locale\" content=\"de_DE\" \/>\n<meta property=\"og:type\" content=\"article\" \/>\n<meta property=\"og:title\" content=\"Privacy policy - craftcodemaster.com\" \/>\n<meta property=\"og:description\" content=\"Craftcode Master is committed to protecting the privacy of its users. This Privacy Policy describes how Craftcode Master collects, uses, maintains, and discloses information collected from users (referred to as &#8220;Users&#8221;) of the Craftcode Master website (&#8220;Site&#8221;) and any products and services offered by Craftcode Master. Personal Identification Information Craftcode Master may collect personal identification [&hellip;]\" \/>\n<meta property=\"og:url\" content=\"https:\/\/craftcodemaster.com\/de\/privacy-policy\/\" \/>\n<meta property=\"og:site_name\" content=\"craftcodemaster.com\" \/>\n<meta property=\"article:modified_time\" content=\"2024-03-13T22:55:56+00:00\" \/>\n<meta name=\"twitter:card\" content=\"summary_large_image\" \/>\n<meta name=\"twitter:label1\" content=\"Gesch\u00e4tzte Lesezeit\" \/>\n\t<meta name=\"twitter:data1\" content=\"3\u00a0Minuten\" \/>\n<script type=\"application\/ld+json\" class=\"yoast-schema-graph\">{\"@context\":\"https:\/\/schema.org\",\"@graph\":[{\"@type\":\"WebPage\",\"@id\":\"https:\/\/craftcodemaster.com\/privacy-policy\/\",\"url\":\"https:\/\/craftcodemaster.com\/privacy-policy\/\",\"name\":\"Privacy policy - craftcodemaster.com\",\"isPartOf\":{\"@id\":\"https:\/\/craftcodemaster.com\/#website\"},\"datePublished\":\"2024-03-13T10:07:58+00:00\",\"dateModified\":\"2024-03-13T22:55:56+00:00\",\"breadcrumb\":{\"@id\":\"https:\/\/craftcodemaster.com\/privacy-policy\/#breadcrumb\"},\"inLanguage\":\"de\",\"potentialAction\":[{\"@type\":\"ReadAction\",\"target\":[\"https:\/\/craftcodemaster.com\/privacy-policy\/\"]}]},{\"@type\":\"BreadcrumbList\",\"@id\":\"https:\/\/craftcodemaster.com\/privacy-policy\/#breadcrumb\",\"itemListElement\":[{\"@type\":\"ListItem\",\"position\":1,\"name\":\"Home\",\"item\":\"https:\/\/craftcodemaster.com\/\"},{\"@type\":\"ListItem\",\"position\":2,\"name\":\"Privacy policy\"}]},{\"@type\":\"WebSite\",\"@id\":\"https:\/\/craftcodemaster.com\/#website\",\"url\":\"https:\/\/craftcodemaster.com\/\",\"name\":\"craftcodemaster.com\",\"description\":\"\",\"publisher\":{\"@id\":\"https:\/\/craftcodemaster.com\/#organization\"},\"potentialAction\":[{\"@type\":\"SearchAction\",\"target\":{\"@type\":\"EntryPoint\",\"urlTemplate\":\"https:\/\/craftcodemaster.com\/?s={search_term_string}\"},\"query-input\":\"required name=search_term_string\"}],\"inLanguage\":\"de\"},{\"@type\":\"Organization\",\"@id\":\"https:\/\/craftcodemaster.com\/#organization\",\"name\":\"craftcodemaster.com\",\"url\":\"https:\/\/craftcodemaster.com\/\",\"logo\":{\"@type\":\"ImageObject\",\"inLanguage\":\"de\",\"@id\":\"https:\/\/craftcodemaster.com\/#\/schema\/logo\/image\/\",\"url\":\"https:\/\/craftcodemaster.com\/wp-content\/uploads\/2024\/02\/Logo-craftcode-master.svg\",\"contentUrl\":\"https:\/\/craftcodemaster.com\/wp-content\/uploads\/2024\/02\/Logo-craftcode-master.svg\",\"width\":94,\"height\":26,\"caption\":\"craftcodemaster.com\"},\"image\":{\"@id\":\"https:\/\/craftcodemaster.com\/#\/schema\/logo\/image\/\"}}]}<\/script>\n<!-- \/ Yoast SEO plugin. -->","yoast_head_json":{"title":"Privacy policy - craftcodemaster.com","robots":{"index":"index","follow":"follow","max-snippet":"max-snippet:-1","max-image-preview":"max-image-preview:large","max-video-preview":"max-video-preview:-1"},"canonical":"https:\/\/craftcodemaster.com\/de\/privacy-policy\/","og_locale":"de_DE","og_type":"article","og_title":"Privacy policy - craftcodemaster.com","og_description":"Craftcode Master is committed to protecting the privacy of its users. This Privacy Policy describes how Craftcode Master collects, uses, maintains, and discloses information collected from users (referred to as &#8220;Users&#8221;) of the Craftcode Master website (&#8220;Site&#8221;) and any products and services offered by Craftcode Master. Personal Identification Information Craftcode Master may collect personal identification [&hellip;]","og_url":"https:\/\/craftcodemaster.com\/de\/privacy-policy\/","og_site_name":"craftcodemaster.com","article_modified_time":"2024-03-13T22:55:56+00:00","twitter_card":"summary_large_image","twitter_misc":{"Gesch\u00e4tzte Lesezeit":"3\u00a0Minuten"},"schema":{"@context":"https:\/\/schema.org","@graph":[{"@type":"WebPage","@id":"https:\/\/craftcodemaster.com\/privacy-policy\/","url":"https:\/\/craftcodemaster.com\/privacy-policy\/","name":"Privacy policy - craftcodemaster.com","isPartOf":{"@id":"https:\/\/craftcodemaster.com\/#website"},"datePublished":"2024-03-13T10:07:58+00:00","dateModified":"2024-03-13T22:55:56+00:00","breadcrumb":{"@id":"https:\/\/craftcodemaster.com\/privacy-policy\/#breadcrumb"},"inLanguage":"de","potentialAction":[{"@type":"ReadAction","target":["https:\/\/craftcodemaster.com\/privacy-policy\/"]}]},{"@type":"BreadcrumbList","@id":"https:\/\/craftcodemaster.com\/privacy-policy\/#breadcrumb","itemListElement":[{"@type":"ListItem","position":1,"name":"Home","item":"https:\/\/craftcodemaster.com\/"},{"@type":"ListItem","position":2,"name":"Privacy policy"}]},{"@type":"WebSite","@id":"https:\/\/craftcodemaster.com\/#website","url":"https:\/\/craftcodemaster.com\/","name":"craftcodemaster.com","description":"","publisher":{"@id":"https:\/\/craftcodemaster.com\/#organization"},"potentialAction":[{"@type":"SearchAction","target":{"@type":"EntryPoint","urlTemplate":"https:\/\/craftcodemaster.com\/?s={search_term_string}"},"query-input":"required name=search_term_string"}],"inLanguage":"de"},{"@type":"Organization","@id":"https:\/\/craftcodemaster.com\/#organization","name":"craftcodemaster.com","url":"https:\/\/craftcodemaster.com\/","logo":{"@type":"ImageObject","inLanguage":"de","@id":"https:\/\/craftcodemaster.com\/#\/schema\/logo\/image\/","url":"https:\/\/craftcodemaster.com\/wp-content\/uploads\/2024\/02\/Logo-craftcode-master.svg","contentUrl":"https:\/\/craftcodemaster.com\/wp-content\/uploads\/2024\/02\/Logo-craftcode-master.svg","width":94,"height":26,"caption":"craftcodemaster.com"},"image":{"@id":"https:\/\/craftcodemaster.com\/#\/schema\/logo\/image\/"}}]}},"_links":{"self":[{"href":"https:\/\/craftcodemaster.com\/de\/wp-json\/wp\/v2\/pages\/171","targetHints":{"allow":["GET"]}}],"collection":[{"href":"https:\/\/craftcodemaster.com\/de\/wp-json\/wp\/v2\/pages"}],"about":[{"href":"https:\/\/craftcodemaster.com\/de\/wp-json\/wp\/v2\/types\/page"}],"author":[{"embeddable":true,"href":"https:\/\/craftcodemaster.com\/de\/wp-json\/wp\/v2\/users\/1"}],"replies":[{"embeddable":true,"href":"https:\/\/craftcodemaster.com\/de\/wp-json\/wp\/v2\/comments?post=171"}],"version-history":[{"count":2,"href":"https:\/\/craftcodemaster.com\/de\/wp-json\/wp\/v2\/pages\/171\/revisions"}],"predecessor-version":[{"id":241,"href":"https:\/\/craftcodemaster.com\/de\/wp-json\/wp\/v2\/pages\/171\/revisions\/241"}],"wp:attachment":[{"href":"https:\/\/craftcodemaster.com\/de\/wp-json\/wp\/v2\/media?parent=171"}],"curies":[{"name":"wp","href":"https:\/\/api.w.org\/{rel}","templated":true}]}}