{"id":169,"date":"2024-03-13T10:07:26","date_gmt":"2024-03-13T10:07:26","guid":{"rendered":"https:\/\/craftcodemaster.com\/?page_id=169"},"modified":"2024-03-19T14:24:27","modified_gmt":"2024-03-19T14:24:27","slug":"terms-and-conditions","status":"publish","type":"page","link":"https:\/\/craftcodemaster.com\/de\/terms-and-conditions\/","title":{"rendered":"Bedingungen und Konditionen"},"content":{"rendered":"<p>Willkommen bei Craftcode Master!<\/p>\n\n\n\n<p>Diese Allgemeinen Gesch\u00e4ftsbedingungen (\"Bedingungen\") regeln die Nutzung der Website, die unter <a href=\"https:\/\/craftcodemaster.com\/de\/\">https:\/\/craftcodemaster.com<\/a> (die \"Website\"), die Craftcode OU zur Verf\u00fcgung stellt&nbsp;<\/p>\n\n\n\n<p>\u00a0(\"Craftcode Master\", \"wir\", \"uns\" oder \"unser\"), eingetragene Anschrift: Harju maakond, Tallinn, Kesklinna linnaosa, Narva mnt 5, 10117; Registrierungsnummer: 16839354. Sie erkl\u00e4ren sich mit diesen Bedingungen einverstanden, wenn Sie auf die Website zugreifen oder diese nutzen. Wenn Sie mit diesen Bedingungen nicht einverstanden sind, sollten Sie die Website nicht nutzen. Indem Sie auf die Website zugreifen oder sie nutzen, erkl\u00e4ren und garantieren Sie, dass Sie diese Bedingungen und alle geltenden Gesetze und Vorschriften gelesen und verstanden haben und sich mit ihnen einverstanden erkl\u00e4ren. Wenn Sie mit diesen Bedingungen nicht einverstanden sind, d\u00fcrfen Sie die Website nicht aufrufen oder nutzen.<\/p>\n\n\n\n<h2 class=\"wp-block-heading\"><strong>Allgemeine Begriffe<\/strong><\/h2>\n\n\n\n<p>Indem Sie auf die Website von Craftcode Master zugreifen und eine Bestellung aufgeben, best\u00e4tigen Sie, dass Sie mit diesen Bedingungen und Konditionen einverstanden sind. Diese Bedingungen gelten f\u00fcr die gesamte Website und jede E-Mail oder andere Art der Kommunikation zwischen Ihnen und Craftcode Master. Unter keinen Umst\u00e4nden haftet das Craftcode Master Team f\u00fcr direkte, indirekte, spezielle, zuf\u00e4llige oder Folgesch\u00e4den, einschlie\u00dflich, aber nicht beschr\u00e4nkt auf, Daten- oder Gewinnverluste, die aus der Nutzung oder der Unf\u00e4higkeit der Nutzung der Materialien auf dieser Seite entstehen, selbst wenn das Craftcode Master Team oder ein autorisierter Vertreter \u00fcber die M\u00f6glichkeit solcher Sch\u00e4den informiert wurde. Wenn Ihre Nutzung der Materialien auf dieser Seite dazu f\u00fchrt, dass Sie Ger\u00e4te oder Daten warten, reparieren oder korrigieren m\u00fcssen, \u00fcbernehmen Sie die Kosten daf\u00fcr. Craftcode Master \u00fcbernimmt keine Verantwortung f\u00fcr das Ergebnis der Nutzung unserer Ressourcen. Wir behalten uns das Recht vor, die Preise zu \u00e4ndern und die Nutzungsrichtlinien jederzeit zu \u00fcberarbeiten.<\/p>\n\n\n\n<h2 class=\"wp-block-heading\"><strong>Definitionen<\/strong><\/h2>\n\n\n\n<p>F\u00fcr diese Allgemeinen Gesch\u00e4ftsbedingungen:<\/p>\n\n\n\n<ul class=\"wp-block-list\">\n<li><strong>Keks<\/strong>: kleine Daten, die von einer Website erzeugt und von Ihrem Webbrowser gespeichert werden. Sie werden verwendet, um Ihren Browser zu identifizieren, Analysen zu erstellen und Informationen \u00fcber Sie zu speichern, wie z. B. Ihre Spracheinstellung oder Ihre Anmeldeinformationen.<\/li>\n\n\n\n<li><strong>Unternehmen<\/strong>: Wenn in dieser Richtlinie von \"Craftcode Master\", \"wir\", \"uns\" oder \"unser\" die Rede ist, bezieht sich dies auf Craftcode OU, eingetragene Adresse: Harju maakond, Tallinn, Kesklinna linnaosa, Narva mnt 5, 10117, ist verantwortlich f\u00fcr Ihre Daten im Rahmen dieser Nutzungsbedingungen.<\/li>\n\n\n\n<li><strong>Land<\/strong>: wo Craftcode Master oder die Eigent\u00fcmer\/Gr\u00fcnder von Craftcode Master ihren Sitz haben, in diesem Fall Estland.<\/li>\n\n\n\n<li><strong>Ger\u00e4t<\/strong>: jedes Ger\u00e4t mit Internetanschluss, wie z.B. ein Telefon, Tablet, Computer oder andere Ger\u00e4te, die verwendet werden k\u00f6nnen, um Craftcode Master zu besuchen und die Dienstleistungen zu nutzen.<\/li>\n\n\n\n<li><strong>Dienst<\/strong>: bezieht sich auf die von Craftcode Master erbrachte Dienstleistung, wie sie in den entsprechenden Bedingungen (falls vorhanden) und auf dieser Plattform beschrieben ist.<\/li>\n\n\n\n<li><strong>Dienst von Dritten<\/strong>: bezieht sich auf Werbetreibende, Sponsoren von Wettbewerben, Werbe- und Marketingpartner und andere, die unsere Inhalte bereitstellen oder deren Produkte oder Dienstleistungen unserer Meinung nach f\u00fcr Sie von Interesse sein k\u00f6nnten.<\/li>\n\n\n\n<li><strong>Website<\/strong>: <strong>Craftcode OU<\/strong>. zu finden, die \u00fcber diese URL zug\u00e4nglich ist:<a href=\"https:\/\/host-harbor.io\/\"> <\/a><a href=\"https:\/\/craftcodemaster.com\/de\/\">https:\/\/craftcodemaster.com<\/a>.<\/li>\n\n\n\n<li><strong>Sie<\/strong>: eine nat\u00fcrliche oder juristische Person, die bei Craftcode Master zur Nutzung der Dienstleistungen registriert ist.<\/li>\n<\/ul>\n\n\n\n<h2 class=\"wp-block-heading\"><strong>Geltendes Recht und Gerichtsstand<\/strong><\/h2>\n\n\n\n<p>Diese Bedingungen unterliegen den Gesetzen von Estland und sind nach diesen auszulegen. Alle Streitigkeiten, die sich aus diesen Bedingungen ergeben, unterliegen der ausschlie\u00dflichen Zust\u00e4ndigkeit der Gerichte in Estland.<\/p>\n\n\n\n<h2 class=\"wp-block-heading\"><strong>Benutzerverhalten<\/strong><\/h2>\n\n\n\n<p>Sie verpflichten sich, die Website nicht f\u00fcr ungesetzliche, missbr\u00e4uchliche oder unangemessene Zwecke zu nutzen. Ausdr\u00fccklich stimmen Sie zu, dass Sie nicht:<\/p>\n\n\n\n<ul class=\"wp-block-list\">\n<li>gegen geltende Gesetze oder Vorschriften versto\u00dfen;<\/li>\n\n\n\n<li>den Betrieb der Website oder ihrer Server zu st\u00f6ren oder zu unterbrechen;<\/li>\n\n\n\n<li>Sicherheitsma\u00dfnahmen zu umgehen oder zu versuchen, sie zu umgehen;<\/li>\n\n\n\n<li>Pers\u00f6nliche Informationen anderer Nutzer zu sammeln oder zu speichern;<\/li>\n\n\n\n<li>Inhalte zu ver\u00f6ffentlichen oder zu \u00fcbertragen, die sch\u00e4dlich, obsz\u00f6n, verleumderisch oder anderweitig anst\u00f6\u00dfig sind;<\/li>\n\n\n\n<li>die Website ohne vorherige schriftliche Zustimmung f\u00fcr kommerzielle Zwecke zu nutzen.<\/li>\n<\/ul>\n\n\n\n<h2 class=\"wp-block-heading\"><strong>Rechte an geistigem Eigentum<\/strong><\/h2>\n\n\n\n<p>Die Website und ihr gesamter Inhalt, einschlie\u00dflich, aber nicht beschr\u00e4nkt auf Texte, Grafiken, Bilder, Logos, Icons und Software, sind Eigentum von Craftcode OU oder seinen Lizenzgebern und sind durch Gesetze zum Schutz des geistigen Eigentums gesch\u00fctzt. Sie erhalten eine begrenzte, nicht exklusive und nicht \u00fcbertragbare Lizenz f\u00fcr den Zugang und die Nutzung der Website ausschlie\u00dflich f\u00fcr pers\u00f6nliche, nicht kommerzielle Zwecke. Sie d\u00fcrfen die Website ohne vorherige schriftliche Zustimmung von Craftcode OU nicht vervielf\u00e4ltigen, ver\u00e4ndern, verbreiten oder davon abgeleitete Werke erstellen.<\/p>\n\n\n\n<h2 class=\"wp-block-heading\"><strong>Inhalte von Drittanbietern<\/strong><\/h2>\n\n\n\n<p>Die Website kann Links zu Websites, Dienstleistungen oder Werbung Dritter enthalten, die nicht im Besitz oder unter der Kontrolle von Craftcode Master sind. Wir unterst\u00fctzen nicht und \u00fcbernehmen keine Verantwortung f\u00fcr die Inhalte Dritter. Ihre Interaktionen mit Websites oder Dienstleistungen Dritter sind ausschlie\u00dflich zwischen Ihnen und dem jeweiligen Dritten, und Sie tun dies nach eigenem Ermessen und mit den Konsequenzen, die auftreten k\u00f6nnen.<\/p>\n\n\n\n<h2 class=\"wp-block-heading\"><strong>Ausschluss von Garantien<\/strong><\/h2>\n\n\n\n<p>Die Website wird auf einer \"as-is\" und \"as-available\" Basis zur Verf\u00fcgung gestellt. Craftcode Master gibt keine ausdr\u00fccklichen oder stillschweigenden Garantien oder Zusicherungen hinsichtlich der Genauigkeit, Zuverl\u00e4ssigkeit oder Eignung der Website f\u00fcr einen bestimmten Zweck. Wir \u00fcbernehmen keine Garantie f\u00fcr die Richtigkeit der Informationen auf dieser Website, noch garantieren wir ihre Vollst\u00e4ndigkeit oder Genauigkeit. Au\u00dferdem \u00fcbernehmen wir keine Gew\u00e4hr f\u00fcr die st\u00e4ndige Verf\u00fcgbarkeit der Website oder die Aktualit\u00e4t der Inhalte.<\/p>\n\n\n\n<h2 class=\"wp-block-heading\"><strong>Beschr\u00e4nkung der Haftung<\/strong><\/h2>\n\n\n\n<p>In keinem Fall haften Craftcode Master, seine Tochtergesellschaften, deren Mitarbeiter oder Vertreter f\u00fcr direkte, indirekte, zuf\u00e4llige, besondere oder Folgesch\u00e4den, die in irgendeiner Weise mit der Nutzung der Website oder deren Inhalt zusammenh\u00e4ngen. Unsere Website und die Nutzung dieser Website unterliegen bestimmten Einschr\u00e4nkungen und Bedingungen. Die in diesem Abschnitt und im gesamten Haftungsausschluss dargelegten Bestimmungen zur Haftung gelten f\u00fcr alle Haftungen, die sich aus der Nutzung unserer Website ergeben, einschlie\u00dflich derjenigen, die sich aus Vertr\u00e4gen, unerlaubten Handlungen und Verst\u00f6\u00dfen gegen gesetzliche Pflichten ergeben. Auch wenn wir die Website und die darin enthaltenen Informationen und Dienstleistungen kostenlos zur Verf\u00fcgung stellen, k\u00f6nnen wir nicht f\u00fcr etwaige Verluste oder Sch\u00e4den haftbar gemacht werden.<\/p>\n\n\n\n<h2 class=\"wp-block-heading\"><strong>\u00c4nderungen der Bedingungen<\/strong><\/h2>\n\n\n\n<p>Craftcode Master beh\u00e4lt sich das Recht vor, diese Bedingungen ohne vorherige Ank\u00fcndigung zu aktualisieren oder zu \u00e4ndern. Es liegt in Ihrer Verantwortung, die Bedingungen regelm\u00e4\u00dfig auf \u00c4nderungen zu \u00fcberpr\u00fcfen. Die fortgesetzte Nutzung der Website nach solchen \u00c4nderungen bedeutet, dass Sie die aktualisierten Bedingungen akzeptieren.<\/p>\n\n\n\n<h2 class=\"wp-block-heading\"><strong>Terminierung<\/strong><\/h2>\n\n\n\n<p>Craftcode Master beh\u00e4lt sich das Recht vor, nach eigenem Ermessen Ihren Zugang zur Craftcode Master-Website ohne Vorank\u00fcndigung und ohne Angabe von Gr\u00fcnden auszusetzen oder zu beenden, einschlie\u00dflich, aber nicht beschr\u00e4nkt auf Verst\u00f6\u00dfe gegen diese Bedingungen oder gegen geltendes Recht.<\/p>\n\n\n\n<h2 class=\"wp-block-heading\"><strong>Cookies<\/strong><\/h2>\n\n\n\n<p>Wir verwenden Cookies auf der Craftcode Master Website. Bei Ihrem ersten Zugriff auf craftcodemaster.com erscheint ein Cookiebot-Pop-up-Fenster, in dem Sie angeben k\u00f6nnen, inwieweit Sie die Verwendung von Cookies zulassen. Weitere Informationen \u00fcber Cookies und Tracking finden Sie in der Datenschutzrichtlinie von Craftcode Master auf craftcodemaster.com.<\/p>\n\n\n\n<h2 class=\"wp-block-heading\"><strong>Verlinkung zu unserem Inhalt<\/strong><\/h2>\n\n\n\n<p>Bestimmte Organisationen, wie z. B. Regierungsbeh\u00f6rden, Suchmaschinen, Nachrichten-\/Medienunternehmen und Online-Verzeichnisse, d\u00fcrfen ohne vorherige schriftliche Genehmigung auf die Craftcode Master-Website verlinken. Andere Unternehmen d\u00fcrfen auf unsere Website verlinken, sofern die folgenden Bedingungen erf\u00fcllt sind:<\/p>\n\n\n\n<ul class=\"wp-block-list\">\n<li>Der Link ist in keiner Weise irref\u00fchrend.<\/li>\n\n\n\n<li>Sie impliziert nicht f\u00e4lschlicherweise Sponsoring, Bef\u00fcrwortung oder Genehmigung der verlinkenden Partei und ihrer Produkte und\/oder Dienstleistungen.<\/li>\n\n\n\n<li>Sie f\u00fcgt sich in den Kontext der Website der verlinkenden Partei ein.<\/li>\n<\/ul>\n\n\n\n<p>Craftcode Master kann andere Linkanfragen von Organisationen ber\u00fccksichtigen und genehmigen, wenn:<\/p>\n\n\n\n<ul class=\"wp-block-list\">\n<li>Der Link w\u00fcrde sich nicht nachteilig auf Craftcode Master oder seine akkreditierten Unternehmen auswirken.<\/li>\n\n\n\n<li>Die Organisation hat keine negativen Eintr\u00e4ge bei uns.<\/li>\n\n\n\n<li>Der Link steht im Zusammenhang mit allgemeinen Ressourceninformationen.<\/li>\n<\/ul>\n\n\n\n<p>F\u00fcr Anfragen zur Verkn\u00fcpfung wenden Sie sich bitte direkt an uns unter info@craftcodemaster.com. Ihre Anfrage sollte Folgendes enthalten:<\/p>\n\n\n\n<ul class=\"wp-block-list\">\n<li>Ihr Name.<\/li>\n\n\n\n<li>Der Name Ihrer Organisation.<\/li>\n\n\n\n<li>Kontaktinformationen, sowie die URL Ihrer Website.<\/li>\n\n\n\n<li>Eine Liste der URLs, von denen Sie beabsichtigen, einen Link zu unserer Website zu erstellen.<\/li>\n\n\n\n<li>Eine Liste der URLs auf unserer Website, auf die Sie verlinken m\u00f6chten.<\/li>\n<\/ul>\n\n\n\n<h2 class=\"wp-block-heading\"><strong>Vorbehalt der Rechte<\/strong><\/h2>\n\n\n\n<p>Craftcode Master beh\u00e4lt sich das Recht vor, die Entfernung einzelner oder aller Links zu unserer Website zu verlangen. Wenn Sie eine solche Aufforderung erhalten, sind Sie verpflichtet, alle Links zu unserer Website unverz\u00fcglich zu entfernen. Au\u00dferdem behalten wir uns das Recht vor, diese Bedingungen und unsere Linkpolitik jederzeit zu \u00e4ndern. Indem Sie weiterhin einen Link zu unserer Website herstellen, erkl\u00e4ren Sie sich damit einverstanden, dass Sie an diese Bedingungen gebunden sind und diese einhalten.<\/p>\n\n\n\n<h2 class=\"wp-block-heading\"><strong>Trennbarkeit<\/strong><\/h2>\n\n\n\n<p>F\u00fcr den Fall, dass ein Gericht oder eine andere zust\u00e4ndige Beh\u00f6rde eine Bestimmung dieser Bedingungen f\u00fcr ung\u00fcltig erkl\u00e4rt, erkennen Sie an und erkl\u00e4ren sich damit einverstanden, dass das Gericht versuchen wird, die Absichten der Parteien, wie sie in dieser Bestimmung zum Ausdruck kommen, zu wahren. Alle anderen Bestimmungen der vorliegenden Bedingungen bleiben in vollem Umfang g\u00fcltig und wirksam.<\/p>\n\n\n\n<h2 class=\"wp-block-heading\"><strong>Entfernung von Links von unserer Website<\/strong><\/h2>\n\n\n\n<p>Sollten Sie auf unserer Website auf Links sto\u00dfen, die Sie als anst\u00f6\u00dfig empfinden, bitten wir Sie, uns jederzeit zu informieren. Wir werden Anfragen zur Entfernung von Links zwar pr\u00fcfen, sind aber nicht verpflichtet, dies zu tun oder eine direkte Antwort zu geben.<\/p>\n\n\n\n<h2 class=\"wp-block-heading\"><strong>Kontaktinformationen<\/strong><\/h2>\n\n\n\n<p>Wenn Sie Fragen oder Bedenken bez\u00fcglich dieser Bedingungen haben oder wenn Sie Probleme mit der Website oder einer ihrer Komponenten haben, wenden Sie sich bitte an uns:<\/p>\n\n\n\n<ul class=\"wp-block-list\">\n<li>E-Mail: <a href=\"mailto:support@craftcodemaster.com\">support@craftcodemaster.com<\/a><\/li>\n\n\n\n<li>Website:&nbsp; <a href=\"https:\/\/craftcodemaster.com\/de\/contact-us\/\">https:\/\/craftcodemaster.com\/contact-us\/<\/a><\/li>\n\n\n\n<li>Telefon: +3726991574<\/li>\n<\/ul>","protected":false},"excerpt":{"rendered":"<p>Willkommen bei Craftcode Master! Diese Allgemeinen Gesch\u00e4ftsbedingungen (\"Bedingungen\") regeln die Nutzung der Website https:\/\/craftcodemaster.com (die \"Website\"), die von Craftcode OU (\"Craftcode Master\", \"wir\", \"uns\" oder \"unser\") betrieben wird, eingetragene Adresse: Harju maakond, Tallinn, Kesklinna linnaosa, Narva mnt 5, 10117; Registrierungsnummer: 16839354. Durch den Zugriff auf oder die Nutzung von [...] erkl\u00e4ren Sie sich mit den vorliegenden Bedingungen einverstanden.<\/p>","protected":false},"author":1,"featured_media":0,"parent":0,"menu_order":0,"comment_status":"closed","ping_status":"closed","template":"template-pages\/template-policy.php","meta":{"_acf_changed":false,"inline_featured_image":false,"footnotes":""},"class_list":["post-169","page","type-page","status-publish","hentry"],"acf":[],"yoast_head":"<!-- This site is optimized with the Yoast SEO plugin v22.1 - https:\/\/yoast.com\/wordpress\/plugins\/seo\/ -->\n<title>Terms and conditions - craftcodemaster.com<\/title>\n<meta name=\"robots\" content=\"index, follow, max-snippet:-1, max-image-preview:large, max-video-preview:-1\" \/>\n<link rel=\"canonical\" href=\"https:\/\/craftcodemaster.com\/de\/terms-and-conditions\/\" \/>\n<meta property=\"og:locale\" content=\"de_DE\" \/>\n<meta property=\"og:type\" content=\"article\" \/>\n<meta property=\"og:title\" content=\"Terms and conditions - craftcodemaster.com\" \/>\n<meta property=\"og:description\" content=\"Welcome to Craftcode Master! These Terms and Conditions (\u201cTerms\u201d) govern your use of the website hosted at https:\/\/craftcodemaster.com (the &#8220;Website&#8221;), which Craftcode OU provides&nbsp; \u00a0(&#8220;Craftcode Master,&#8221; &#8220;we,&#8221; &#8220;us,&#8221; or &#8220;our&#8221;), registered address: Harju maakond, Tallinn, Kesklinna linnaosa, Narva mnt 5, 10117; registration number: 16839354. You agree to abide by these Terms by accessing or using [&hellip;]\" \/>\n<meta property=\"og:url\" content=\"https:\/\/craftcodemaster.com\/de\/terms-and-conditions\/\" \/>\n<meta property=\"og:site_name\" content=\"craftcodemaster.com\" \/>\n<meta property=\"article:modified_time\" content=\"2024-03-19T14:24:27+00:00\" \/>\n<meta name=\"twitter:card\" content=\"summary_large_image\" \/>\n<meta name=\"twitter:label1\" content=\"Gesch\u00e4tzte Lesezeit\" \/>\n\t<meta name=\"twitter:data1\" content=\"7\u00a0Minuten\" \/>\n<script type=\"application\/ld+json\" class=\"yoast-schema-graph\">{\"@context\":\"https:\/\/schema.org\",\"@graph\":[{\"@type\":\"WebPage\",\"@id\":\"https:\/\/craftcodemaster.com\/terms-and-conditions\/\",\"url\":\"https:\/\/craftcodemaster.com\/terms-and-conditions\/\",\"name\":\"Terms and conditions - craftcodemaster.com\",\"isPartOf\":{\"@id\":\"https:\/\/craftcodemaster.com\/#website\"},\"datePublished\":\"2024-03-13T10:07:26+00:00\",\"dateModified\":\"2024-03-19T14:24:27+00:00\",\"breadcrumb\":{\"@id\":\"https:\/\/craftcodemaster.com\/terms-and-conditions\/#breadcrumb\"},\"inLanguage\":\"de\",\"potentialAction\":[{\"@type\":\"ReadAction\",\"target\":[\"https:\/\/craftcodemaster.com\/terms-and-conditions\/\"]}]},{\"@type\":\"BreadcrumbList\",\"@id\":\"https:\/\/craftcodemaster.com\/terms-and-conditions\/#breadcrumb\",\"itemListElement\":[{\"@type\":\"ListItem\",\"position\":1,\"name\":\"Home\",\"item\":\"https:\/\/craftcodemaster.com\/\"},{\"@type\":\"ListItem\",\"position\":2,\"name\":\"Terms and conditions\"}]},{\"@type\":\"WebSite\",\"@id\":\"https:\/\/craftcodemaster.com\/#website\",\"url\":\"https:\/\/craftcodemaster.com\/\",\"name\":\"craftcodemaster.com\",\"description\":\"\",\"publisher\":{\"@id\":\"https:\/\/craftcodemaster.com\/#organization\"},\"potentialAction\":[{\"@type\":\"SearchAction\",\"target\":{\"@type\":\"EntryPoint\",\"urlTemplate\":\"https:\/\/craftcodemaster.com\/?s={search_term_string}\"},\"query-input\":\"required name=search_term_string\"}],\"inLanguage\":\"de\"},{\"@type\":\"Organization\",\"@id\":\"https:\/\/craftcodemaster.com\/#organization\",\"name\":\"craftcodemaster.com\",\"url\":\"https:\/\/craftcodemaster.com\/\",\"logo\":{\"@type\":\"ImageObject\",\"inLanguage\":\"de\",\"@id\":\"https:\/\/craftcodemaster.com\/#\/schema\/logo\/image\/\",\"url\":\"https:\/\/craftcodemaster.com\/wp-content\/uploads\/2024\/02\/Logo-craftcode-master.svg\",\"contentUrl\":\"https:\/\/craftcodemaster.com\/wp-content\/uploads\/2024\/02\/Logo-craftcode-master.svg\",\"width\":94,\"height\":26,\"caption\":\"craftcodemaster.com\"},\"image\":{\"@id\":\"https:\/\/craftcodemaster.com\/#\/schema\/logo\/image\/\"}}]}<\/script>\n<!-- \/ Yoast SEO plugin. -->","yoast_head_json":{"title":"Terms and conditions - craftcodemaster.com","robots":{"index":"index","follow":"follow","max-snippet":"max-snippet:-1","max-image-preview":"max-image-preview:large","max-video-preview":"max-video-preview:-1"},"canonical":"https:\/\/craftcodemaster.com\/de\/terms-and-conditions\/","og_locale":"de_DE","og_type":"article","og_title":"Terms and conditions - craftcodemaster.com","og_description":"Welcome to Craftcode Master! These Terms and Conditions (\u201cTerms\u201d) govern your use of the website hosted at https:\/\/craftcodemaster.com (the &#8220;Website&#8221;), which Craftcode OU provides&nbsp; \u00a0(&#8220;Craftcode Master,&#8221; &#8220;we,&#8221; &#8220;us,&#8221; or &#8220;our&#8221;), registered address: Harju maakond, Tallinn, Kesklinna linnaosa, Narva mnt 5, 10117; registration number: 16839354. You agree to abide by these Terms by accessing or using [&hellip;]","og_url":"https:\/\/craftcodemaster.com\/de\/terms-and-conditions\/","og_site_name":"craftcodemaster.com","article_modified_time":"2024-03-19T14:24:27+00:00","twitter_card":"summary_large_image","twitter_misc":{"Gesch\u00e4tzte Lesezeit":"7\u00a0Minuten"},"schema":{"@context":"https:\/\/schema.org","@graph":[{"@type":"WebPage","@id":"https:\/\/craftcodemaster.com\/terms-and-conditions\/","url":"https:\/\/craftcodemaster.com\/terms-and-conditions\/","name":"Terms and conditions - craftcodemaster.com","isPartOf":{"@id":"https:\/\/craftcodemaster.com\/#website"},"datePublished":"2024-03-13T10:07:26+00:00","dateModified":"2024-03-19T14:24:27+00:00","breadcrumb":{"@id":"https:\/\/craftcodemaster.com\/terms-and-conditions\/#breadcrumb"},"inLanguage":"de","potentialAction":[{"@type":"ReadAction","target":["https:\/\/craftcodemaster.com\/terms-and-conditions\/"]}]},{"@type":"BreadcrumbList","@id":"https:\/\/craftcodemaster.com\/terms-and-conditions\/#breadcrumb","itemListElement":[{"@type":"ListItem","position":1,"name":"Home","item":"https:\/\/craftcodemaster.com\/"},{"@type":"ListItem","position":2,"name":"Terms and conditions"}]},{"@type":"WebSite","@id":"https:\/\/craftcodemaster.com\/#website","url":"https:\/\/craftcodemaster.com\/","name":"craftcodemaster.com","description":"","publisher":{"@id":"https:\/\/craftcodemaster.com\/#organization"},"potentialAction":[{"@type":"SearchAction","target":{"@type":"EntryPoint","urlTemplate":"https:\/\/craftcodemaster.com\/?s={search_term_string}"},"query-input":"required name=search_term_string"}],"inLanguage":"de"},{"@type":"Organization","@id":"https:\/\/craftcodemaster.com\/#organization","name":"craftcodemaster.com","url":"https:\/\/craftcodemaster.com\/","logo":{"@type":"ImageObject","inLanguage":"de","@id":"https:\/\/craftcodemaster.com\/#\/schema\/logo\/image\/","url":"https:\/\/craftcodemaster.com\/wp-content\/uploads\/2024\/02\/Logo-craftcode-master.svg","contentUrl":"https:\/\/craftcodemaster.com\/wp-content\/uploads\/2024\/02\/Logo-craftcode-master.svg","width":94,"height":26,"caption":"craftcodemaster.com"},"image":{"@id":"https:\/\/craftcodemaster.com\/#\/schema\/logo\/image\/"}}]}},"_links":{"self":[{"href":"https:\/\/craftcodemaster.com\/de\/wp-json\/wp\/v2\/pages\/169","targetHints":{"allow":["GET"]}}],"collection":[{"href":"https:\/\/craftcodemaster.com\/de\/wp-json\/wp\/v2\/pages"}],"about":[{"href":"https:\/\/craftcodemaster.com\/de\/wp-json\/wp\/v2\/types\/page"}],"author":[{"embeddable":true,"href":"https:\/\/craftcodemaster.com\/de\/wp-json\/wp\/v2\/users\/1"}],"replies":[{"embeddable":true,"href":"https:\/\/craftcodemaster.com\/de\/wp-json\/wp\/v2\/comments?post=169"}],"version-history":[{"count":4,"href":"https:\/\/craftcodemaster.com\/de\/wp-json\/wp\/v2\/pages\/169\/revisions"}],"predecessor-version":[{"id":259,"href":"https:\/\/craftcodemaster.com\/de\/wp-json\/wp\/v2\/pages\/169\/revisions\/259"}],"wp:attachment":[{"href":"https:\/\/craftcodemaster.com\/de\/wp-json\/wp\/v2\/media?parent=169"}],"curies":[{"name":"wp","href":"https:\/\/api.w.org\/{rel}","templated":true}]}}